{"id":1835,"date":"2022-09-05T09:29:41","date_gmt":"2022-09-05T07:29:41","guid":{"rendered":"https:\/\/ocab.flywheelsites.com\/beleuchtung-im-gastgewerbe\/"},"modified":"2023-09-12T09:36:52","modified_gmt":"2023-09-12T09:36:52","slug":"beleuchtung-im-gastgewerbe","status":"publish","type":"page","link":"https:\/\/britelight.nl\/de\/beleuchtung-im-gastgewerbe\/","title":{"rendered":"Beleuchtung im Gastgewerbe"},"content":{"rendered":"\n<p class=\"has-text-align-center\">Die Beleuchtung kann die Atmosph\u00e4re in Ihrem Gastronomiebetrieb ausmachen oder zerst\u00f6ren. Ihre G\u00e4ste nehmen die Stimmung des Raumes unweigerlich wahr, sobald sie den ersten Schritt \u00fcber die Schwelle gemacht haben, daher ist es wichtig, gut darauf zu reagieren. Es ist auch gut zu ber\u00fccksichtigen, welche Art von Erlebnis Sie dem Gast vermitteln wollen und wie dies in den Beleuchtungsplan einflie\u00dft, den wir f\u00fcr Sie erstellen.<\/p>\n<div class=\"information\"><a class=\"btn\" href=\"https:\/\/britelight.nl\/contact\/\">Stellen Sie uns eine Frage<\/a><a class=\"btn btn-outline icon-phone\" href=\"tel:+31321328050\">+31 321 328 050<\/a><\/div>\n","protected":false},"excerpt":{"rendered":"<p>Die Beleuchtung kann die Atmosph\u00e4re in Ihrem Gastronomiebetrieb ausmachen oder zerst\u00f6ren. Ihre G\u00e4ste nehmen die Stimmung des Raumes unweigerlich wahr, sobald sie den ersten Schritt \u00fcber die Schwelle gemacht haben, daher ist es wichtig, gut darauf zu reagieren. Es ist auch gut zu ber\u00fccksichtigen, welche Art von Erlebnis Sie dem Gast vermitteln wollen und wie [&hellip;]<\/p>\n","protected":false},"author":2,"featured_media":0,"parent":0,"menu_order":0,"comment_status":"closed","ping_status":"closed","template":"template-lp.php","meta":{"_acf_changed":false,"inline_featured_image":false,"footnotes":""},"class_list":["post-1835","page","type-page","status-publish","hentry"],"acf":[],"yoast_head":"<!-- This site is optimized with the Yoast SEO plugin v27.4 - https:\/\/yoast.com\/product\/yoast-seo-wordpress\/ -->\n<title>Beleuchtung im Gastgewerbe | Britelight<\/title>\n<meta name=\"description\" content=\"Die Beleuchtung kann die Atmosph\u00e4re in Ihrem Gastronomiebetrieb ausmachen oder zerst\u00f6ren. Mit einem ma\u00dfgeschneiderten Beleuchtungsplan k\u00f6nnen Sie die Atmosph\u00e4re vollst\u00e4ndig steuern.\" \/>\n<meta name=\"robots\" content=\"index, follow, max-snippet:-1, max-image-preview:large, max-video-preview:-1\" \/>\n<link rel=\"canonical\" href=\"https:\/\/britelight.nl\/de\/beleuchtung-im-gastgewerbe\/\" \/>\n<meta property=\"og:locale\" content=\"de_DE\" \/>\n<meta property=\"og:type\" content=\"article\" \/>\n<meta property=\"og:title\" content=\"Beleuchtung im Gastgewerbe | Britelight\" \/>\n<meta property=\"og:description\" content=\"Die Beleuchtung kann die Atmosph\u00e4re in Ihrem Gastronomiebetrieb ausmachen oder zerst\u00f6ren. Mit einem ma\u00dfgeschneiderten Beleuchtungsplan k\u00f6nnen Sie die Atmosph\u00e4re vollst\u00e4ndig steuern.\" \/>\n<meta property=\"og:url\" content=\"https:\/\/britelight.nl\/de\/beleuchtung-im-gastgewerbe\/\" \/>\n<meta property=\"og:site_name\" content=\"Britelight\" \/>\n<meta property=\"article:modified_time\" content=\"2023-09-12T09:36:52+00:00\" \/>\n<meta name=\"twitter:card\" content=\"summary_large_image\" \/>\n<script type=\"application\/ld+json\" class=\"yoast-schema-graph\">{\"@context\":\"https:\\\/\\\/schema.org\",\"@graph\":[{\"@type\":\"WebPage\",\"@id\":\"https:\\\/\\\/britelight.nl\\\/de\\\/beleuchtung-im-gastgewerbe\\\/\",\"url\":\"https:\\\/\\\/britelight.nl\\\/de\\\/beleuchtung-im-gastgewerbe\\\/\",\"name\":\"Beleuchtung im Gastgewerbe | Britelight\",\"isPartOf\":{\"@id\":\"https:\\\/\\\/britelight.nl\\\/de\\\/#website\"},\"datePublished\":\"2022-09-05T07:29:41+00:00\",\"dateModified\":\"2023-09-12T09:36:52+00:00\",\"description\":\"Die Beleuchtung kann die Atmosph\u00e4re in Ihrem Gastronomiebetrieb ausmachen oder zerst\u00f6ren. Mit einem ma\u00dfgeschneiderten Beleuchtungsplan k\u00f6nnen Sie die Atmosph\u00e4re vollst\u00e4ndig steuern.\",\"breadcrumb\":{\"@id\":\"https:\\\/\\\/britelight.nl\\\/de\\\/beleuchtung-im-gastgewerbe\\\/#breadcrumb\"},\"inLanguage\":\"de\",\"potentialAction\":[{\"@type\":\"ReadAction\",\"target\":[\"https:\\\/\\\/britelight.nl\\\/de\\\/beleuchtung-im-gastgewerbe\\\/\"]}]},{\"@type\":\"BreadcrumbList\",\"@id\":\"https:\\\/\\\/britelight.nl\\\/de\\\/beleuchtung-im-gastgewerbe\\\/#breadcrumb\",\"itemListElement\":[{\"@type\":\"ListItem\",\"position\":1,\"name\":\"Home\",\"item\":\"https:\\\/\\\/britelight.nl\\\/de\\\/\"},{\"@type\":\"ListItem\",\"position\":2,\"name\":\"Beleuchtung im Gastgewerbe\"}]},{\"@type\":\"WebSite\",\"@id\":\"https:\\\/\\\/britelight.nl\\\/de\\\/#website\",\"url\":\"https:\\\/\\\/britelight.nl\\\/de\\\/\",\"name\":\"Britelight\",\"description\":\"Specialist in lichtoplossingen\",\"publisher\":{\"@id\":\"https:\\\/\\\/britelight.nl\\\/de\\\/#organization\"},\"potentialAction\":[{\"@type\":\"SearchAction\",\"target\":{\"@type\":\"EntryPoint\",\"urlTemplate\":\"https:\\\/\\\/britelight.nl\\\/de\\\/?s={search_term_string}\"},\"query-input\":{\"@type\":\"PropertyValueSpecification\",\"valueRequired\":true,\"valueName\":\"search_term_string\"}}],\"inLanguage\":\"de\"},{\"@type\":\"Organization\",\"@id\":\"https:\\\/\\\/britelight.nl\\\/de\\\/#organization\",\"name\":\"Britelight\",\"url\":\"https:\\\/\\\/britelight.nl\\\/de\\\/\",\"logo\":{\"@type\":\"ImageObject\",\"inLanguage\":\"de\",\"@id\":\"https:\\\/\\\/britelight.nl\\\/de\\\/#\\\/schema\\\/logo\\\/image\\\/\",\"url\":\"https:\\\/\\\/britelight.nl\\\/wp-content\\\/uploads\\\/2022\\\/05\\\/draden2-1.svg\",\"contentUrl\":\"https:\\\/\\\/britelight.nl\\\/wp-content\\\/uploads\\\/2022\\\/05\\\/draden2-1.svg\",\"width\":836,\"height\":494,\"caption\":\"Britelight\"},\"image\":{\"@id\":\"https:\\\/\\\/britelight.nl\\\/de\\\/#\\\/schema\\\/logo\\\/image\\\/\"},\"sameAs\":[\"https:\\\/\\\/switchtron.nl\\\/\",\"https:\\\/\\\/ocab.nl\\\/\"]}]}<\/script>\n<!-- \/ Yoast SEO plugin. -->","yoast_head_json":{"title":"Beleuchtung im Gastgewerbe | Britelight","description":"Die Beleuchtung kann die Atmosph\u00e4re in Ihrem Gastronomiebetrieb ausmachen oder zerst\u00f6ren. Mit einem ma\u00dfgeschneiderten Beleuchtungsplan k\u00f6nnen Sie die Atmosph\u00e4re vollst\u00e4ndig steuern.","robots":{"index":"index","follow":"follow","max-snippet":"max-snippet:-1","max-image-preview":"max-image-preview:large","max-video-preview":"max-video-preview:-1"},"canonical":"https:\/\/britelight.nl\/de\/beleuchtung-im-gastgewerbe\/","og_locale":"de_DE","og_type":"article","og_title":"Beleuchtung im Gastgewerbe | Britelight","og_description":"Die Beleuchtung kann die Atmosph\u00e4re in Ihrem Gastronomiebetrieb ausmachen oder zerst\u00f6ren. Mit einem ma\u00dfgeschneiderten Beleuchtungsplan k\u00f6nnen Sie die Atmosph\u00e4re vollst\u00e4ndig steuern.","og_url":"https:\/\/britelight.nl\/de\/beleuchtung-im-gastgewerbe\/","og_site_name":"Britelight","article_modified_time":"2023-09-12T09:36:52+00:00","twitter_card":"summary_large_image","schema":{"@context":"https:\/\/schema.org","@graph":[{"@type":"WebPage","@id":"https:\/\/britelight.nl\/de\/beleuchtung-im-gastgewerbe\/","url":"https:\/\/britelight.nl\/de\/beleuchtung-im-gastgewerbe\/","name":"Beleuchtung im Gastgewerbe | Britelight","isPartOf":{"@id":"https:\/\/britelight.nl\/de\/#website"},"datePublished":"2022-09-05T07:29:41+00:00","dateModified":"2023-09-12T09:36:52+00:00","description":"Die Beleuchtung kann die Atmosph\u00e4re in Ihrem Gastronomiebetrieb ausmachen oder zerst\u00f6ren. Mit einem ma\u00dfgeschneiderten Beleuchtungsplan k\u00f6nnen Sie die Atmosph\u00e4re vollst\u00e4ndig steuern.","breadcrumb":{"@id":"https:\/\/britelight.nl\/de\/beleuchtung-im-gastgewerbe\/#breadcrumb"},"inLanguage":"de","potentialAction":[{"@type":"ReadAction","target":["https:\/\/britelight.nl\/de\/beleuchtung-im-gastgewerbe\/"]}]},{"@type":"BreadcrumbList","@id":"https:\/\/britelight.nl\/de\/beleuchtung-im-gastgewerbe\/#breadcrumb","itemListElement":[{"@type":"ListItem","position":1,"name":"Home","item":"https:\/\/britelight.nl\/de\/"},{"@type":"ListItem","position":2,"name":"Beleuchtung im Gastgewerbe"}]},{"@type":"WebSite","@id":"https:\/\/britelight.nl\/de\/#website","url":"https:\/\/britelight.nl\/de\/","name":"Britelight","description":"Specialist in lichtoplossingen","publisher":{"@id":"https:\/\/britelight.nl\/de\/#organization"},"potentialAction":[{"@type":"SearchAction","target":{"@type":"EntryPoint","urlTemplate":"https:\/\/britelight.nl\/de\/?s={search_term_string}"},"query-input":{"@type":"PropertyValueSpecification","valueRequired":true,"valueName":"search_term_string"}}],"inLanguage":"de"},{"@type":"Organization","@id":"https:\/\/britelight.nl\/de\/#organization","name":"Britelight","url":"https:\/\/britelight.nl\/de\/","logo":{"@type":"ImageObject","inLanguage":"de","@id":"https:\/\/britelight.nl\/de\/#\/schema\/logo\/image\/","url":"https:\/\/britelight.nl\/wp-content\/uploads\/2022\/05\/draden2-1.svg","contentUrl":"https:\/\/britelight.nl\/wp-content\/uploads\/2022\/05\/draden2-1.svg","width":836,"height":494,"caption":"Britelight"},"image":{"@id":"https:\/\/britelight.nl\/de\/#\/schema\/logo\/image\/"},"sameAs":["https:\/\/switchtron.nl\/","https:\/\/ocab.nl\/"]}]}},"_links":{"self":[{"href":"https:\/\/britelight.nl\/de\/wp-json\/wp\/v2\/pages\/1835","targetHints":{"allow":["GET"]}}],"collection":[{"href":"https:\/\/britelight.nl\/de\/wp-json\/wp\/v2\/pages"}],"about":[{"href":"https:\/\/britelight.nl\/de\/wp-json\/wp\/v2\/types\/page"}],"author":[{"embeddable":true,"href":"https:\/\/britelight.nl\/de\/wp-json\/wp\/v2\/users\/2"}],"replies":[{"embeddable":true,"href":"https:\/\/britelight.nl\/de\/wp-json\/wp\/v2\/comments?post=1835"}],"version-history":[{"count":0,"href":"https:\/\/britelight.nl\/de\/wp-json\/wp\/v2\/pages\/1835\/revisions"}],"wp:attachment":[{"href":"https:\/\/britelight.nl\/de\/wp-json\/wp\/v2\/media?parent=1835"}],"curies":[{"name":"wp","href":"https:\/\/api.w.org\/{rel}","templated":true}]}}