{"id":1890,"date":"2022-12-02T14:31:03","date_gmt":"2022-12-02T13:31:03","guid":{"rendered":"https:\/\/ocab.flywheelsites.com\/led-downlights\/"},"modified":"2023-09-12T07:46:07","modified_gmt":"2023-09-12T07:46:07","slug":"led-downlights","status":"publish","type":"page","link":"https:\/\/britelight.nl\/de\/led-downlights\/","title":{"rendered":"LED-Downlights"},"content":{"rendered":"\n<p class=\"has-text-align-center\">Britelight bietet eine breite Palette von LED-Downlights an. Diese Leuchten eignen sich sowohl f\u00fcr den Deckeneinbau als auch f\u00fcr die Einbauleuchten. Die LED-Downlights sind mit vielen verschiedenen Optionen erh\u00e4ltlich. Ziehen Sie die M\u00f6glichkeit in Betracht, das Licht zu dimmen oder z. B. eine Lampe zu verwenden, die auf Tageslicht reagiert, wenn Sie einen Tageslichtsensor im Raum haben. Britelight bietet diese Optionen zus\u00e4tzlich zu den Standard-LED-Downlights an.<\/p>\n<div class=\"information\"><a class=\"btn\" href=\"https:\/\/britelight.nl\/contact\/\">Stellen Sie uns eine Frage<\/a><a class=\"btn btn-outline icon-phone\" href=\"tel:+31321328050\">+31 321 328 050<\/a><\/div>\n","protected":false},"excerpt":{"rendered":"<p>Britelight bietet eine breite Palette von LED-Downlights an. Diese Leuchten eignen sich sowohl f\u00fcr den Deckeneinbau als auch f\u00fcr die Einbauleuchten. Die LED-Downlights sind mit vielen verschiedenen Optionen erh\u00e4ltlich. Ziehen Sie die M\u00f6glichkeit in Betracht, das Licht zu dimmen oder z. B. eine Lampe zu verwenden, die auf Tageslicht reagiert, wenn Sie einen Tageslichtsensor im [&hellip;]<\/p>\n","protected":false},"author":3,"featured_media":0,"parent":0,"menu_order":0,"comment_status":"closed","ping_status":"closed","template":"template-lp.php","meta":{"_acf_changed":false,"inline_featured_image":false,"footnotes":""},"class_list":["post-1890","page","type-page","status-publish","hentry"],"acf":[],"yoast_head":"<!-- This site is optimized with the Yoast SEO plugin v27.2 - https:\/\/yoast.com\/product\/yoast-seo-wordpress\/ -->\n<title>LED-Downlights | Britelight<\/title>\n<meta name=\"description\" content=\"Britelight bietet eine breite Palette von LED-Downlights an. Diese Leuchten eignen sich sowohl f\u00fcr den Deckeneinbau als auch f\u00fcr die Einbauleuchten.\" \/>\n<meta name=\"robots\" content=\"index, follow, max-snippet:-1, max-image-preview:large, max-video-preview:-1\" \/>\n<link rel=\"canonical\" href=\"https:\/\/britelight.nl\/de\/led-downlights\/\" \/>\n<meta property=\"og:locale\" content=\"de_DE\" \/>\n<meta property=\"og:type\" content=\"article\" \/>\n<meta property=\"og:title\" content=\"LED-Downlights | Britelight\" \/>\n<meta property=\"og:description\" content=\"Britelight bietet eine breite Palette von LED-Downlights an. Diese Leuchten eignen sich sowohl f\u00fcr den Deckeneinbau als auch f\u00fcr die Einbauleuchten.\" \/>\n<meta property=\"og:url\" content=\"https:\/\/britelight.nl\/de\/led-downlights\/\" \/>\n<meta property=\"og:site_name\" content=\"Britelight\" \/>\n<meta property=\"article:modified_time\" content=\"2023-09-12T07:46:07+00:00\" \/>\n<meta name=\"twitter:card\" content=\"summary_large_image\" \/>\n<script type=\"application\/ld+json\" class=\"yoast-schema-graph\">{\"@context\":\"https:\/\/schema.org\",\"@graph\":[{\"@type\":\"WebPage\",\"@id\":\"https:\/\/britelight.nl\/de\/led-downlights\/\",\"url\":\"https:\/\/britelight.nl\/de\/led-downlights\/\",\"name\":\"LED-Downlights | Britelight\",\"isPartOf\":{\"@id\":\"https:\/\/britelight.nl\/de\/#website\"},\"datePublished\":\"2022-12-02T13:31:03+00:00\",\"dateModified\":\"2023-09-12T07:46:07+00:00\",\"description\":\"Britelight bietet eine breite Palette von LED-Downlights an. Diese Leuchten eignen sich sowohl f\u00fcr den Deckeneinbau als auch f\u00fcr die Einbauleuchten.\",\"breadcrumb\":{\"@id\":\"https:\/\/britelight.nl\/de\/led-downlights\/#breadcrumb\"},\"inLanguage\":\"de\",\"potentialAction\":[{\"@type\":\"ReadAction\",\"target\":[\"https:\/\/britelight.nl\/de\/led-downlights\/\"]}]},{\"@type\":\"BreadcrumbList\",\"@id\":\"https:\/\/britelight.nl\/de\/led-downlights\/#breadcrumb\",\"itemListElement\":[{\"@type\":\"ListItem\",\"position\":1,\"name\":\"Home\",\"item\":\"https:\/\/britelight.nl\/de\/\"},{\"@type\":\"ListItem\",\"position\":2,\"name\":\"LED-Downlights\"}]},{\"@type\":\"WebSite\",\"@id\":\"https:\/\/britelight.nl\/de\/#website\",\"url\":\"https:\/\/britelight.nl\/de\/\",\"name\":\"Britelight\",\"description\":\"Specialist in lichtoplossingen\",\"publisher\":{\"@id\":\"https:\/\/britelight.nl\/de\/#organization\"},\"potentialAction\":[{\"@type\":\"SearchAction\",\"target\":{\"@type\":\"EntryPoint\",\"urlTemplate\":\"https:\/\/britelight.nl\/de\/?s={search_term_string}\"},\"query-input\":{\"@type\":\"PropertyValueSpecification\",\"valueRequired\":true,\"valueName\":\"search_term_string\"}}],\"inLanguage\":\"de\"},{\"@type\":\"Organization\",\"@id\":\"https:\/\/britelight.nl\/de\/#organization\",\"name\":\"Britelight\",\"url\":\"https:\/\/britelight.nl\/de\/\",\"logo\":{\"@type\":\"ImageObject\",\"inLanguage\":\"de\",\"@id\":\"https:\/\/britelight.nl\/de\/#\/schema\/logo\/image\/\",\"url\":\"https:\/\/britelight.nl\/wp-content\/uploads\/2022\/05\/draden2-1.svg\",\"contentUrl\":\"https:\/\/britelight.nl\/wp-content\/uploads\/2022\/05\/draden2-1.svg\",\"width\":836,\"height\":494,\"caption\":\"Britelight\"},\"image\":{\"@id\":\"https:\/\/britelight.nl\/de\/#\/schema\/logo\/image\/\"},\"sameAs\":[\"https:\/\/switchtron.nl\/\",\"https:\/\/ocab.nl\/\"]}]}<\/script>\n<!-- \/ Yoast SEO plugin. -->","yoast_head_json":{"title":"LED-Downlights | Britelight","description":"Britelight bietet eine breite Palette von LED-Downlights an. Diese Leuchten eignen sich sowohl f\u00fcr den Deckeneinbau als auch f\u00fcr die Einbauleuchten.","robots":{"index":"index","follow":"follow","max-snippet":"max-snippet:-1","max-image-preview":"max-image-preview:large","max-video-preview":"max-video-preview:-1"},"canonical":"https:\/\/britelight.nl\/de\/led-downlights\/","og_locale":"de_DE","og_type":"article","og_title":"LED-Downlights | Britelight","og_description":"Britelight bietet eine breite Palette von LED-Downlights an. Diese Leuchten eignen sich sowohl f\u00fcr den Deckeneinbau als auch f\u00fcr die Einbauleuchten.","og_url":"https:\/\/britelight.nl\/de\/led-downlights\/","og_site_name":"Britelight","article_modified_time":"2023-09-12T07:46:07+00:00","twitter_card":"summary_large_image","schema":{"@context":"https:\/\/schema.org","@graph":[{"@type":"WebPage","@id":"https:\/\/britelight.nl\/de\/led-downlights\/","url":"https:\/\/britelight.nl\/de\/led-downlights\/","name":"LED-Downlights | Britelight","isPartOf":{"@id":"https:\/\/britelight.nl\/de\/#website"},"datePublished":"2022-12-02T13:31:03+00:00","dateModified":"2023-09-12T07:46:07+00:00","description":"Britelight bietet eine breite Palette von LED-Downlights an. Diese Leuchten eignen sich sowohl f\u00fcr den Deckeneinbau als auch f\u00fcr die Einbauleuchten.","breadcrumb":{"@id":"https:\/\/britelight.nl\/de\/led-downlights\/#breadcrumb"},"inLanguage":"de","potentialAction":[{"@type":"ReadAction","target":["https:\/\/britelight.nl\/de\/led-downlights\/"]}]},{"@type":"BreadcrumbList","@id":"https:\/\/britelight.nl\/de\/led-downlights\/#breadcrumb","itemListElement":[{"@type":"ListItem","position":1,"name":"Home","item":"https:\/\/britelight.nl\/de\/"},{"@type":"ListItem","position":2,"name":"LED-Downlights"}]},{"@type":"WebSite","@id":"https:\/\/britelight.nl\/de\/#website","url":"https:\/\/britelight.nl\/de\/","name":"Britelight","description":"Specialist in lichtoplossingen","publisher":{"@id":"https:\/\/britelight.nl\/de\/#organization"},"potentialAction":[{"@type":"SearchAction","target":{"@type":"EntryPoint","urlTemplate":"https:\/\/britelight.nl\/de\/?s={search_term_string}"},"query-input":{"@type":"PropertyValueSpecification","valueRequired":true,"valueName":"search_term_string"}}],"inLanguage":"de"},{"@type":"Organization","@id":"https:\/\/britelight.nl\/de\/#organization","name":"Britelight","url":"https:\/\/britelight.nl\/de\/","logo":{"@type":"ImageObject","inLanguage":"de","@id":"https:\/\/britelight.nl\/de\/#\/schema\/logo\/image\/","url":"https:\/\/britelight.nl\/wp-content\/uploads\/2022\/05\/draden2-1.svg","contentUrl":"https:\/\/britelight.nl\/wp-content\/uploads\/2022\/05\/draden2-1.svg","width":836,"height":494,"caption":"Britelight"},"image":{"@id":"https:\/\/britelight.nl\/de\/#\/schema\/logo\/image\/"},"sameAs":["https:\/\/switchtron.nl\/","https:\/\/ocab.nl\/"]}]}},"_links":{"self":[{"href":"https:\/\/britelight.nl\/de\/wp-json\/wp\/v2\/pages\/1890","targetHints":{"allow":["GET"]}}],"collection":[{"href":"https:\/\/britelight.nl\/de\/wp-json\/wp\/v2\/pages"}],"about":[{"href":"https:\/\/britelight.nl\/de\/wp-json\/wp\/v2\/types\/page"}],"author":[{"embeddable":true,"href":"https:\/\/britelight.nl\/de\/wp-json\/wp\/v2\/users\/3"}],"replies":[{"embeddable":true,"href":"https:\/\/britelight.nl\/de\/wp-json\/wp\/v2\/comments?post=1890"}],"version-history":[{"count":0,"href":"https:\/\/britelight.nl\/de\/wp-json\/wp\/v2\/pages\/1890\/revisions"}],"wp:attachment":[{"href":"https:\/\/britelight.nl\/de\/wp-json\/wp\/v2\/media?parent=1890"}],"curies":[{"name":"wp","href":"https:\/\/api.w.org\/{rel}","templated":true}]}}