{"id":1918,"date":"2022-08-17T15:33:57","date_gmt":"2022-08-17T13:33:57","guid":{"rendered":"https:\/\/ocab.flywheelsites.com\/beleuchtung-des-lagers\/"},"modified":"2023-09-12T08:26:35","modified_gmt":"2023-09-12T08:26:35","slug":"beleuchtung-des-lagers","status":"publish","type":"page","link":"https:\/\/britelight.nl\/de\/beleuchtung-des-lagers\/","title":{"rendered":"Lagerbeleuchtung"},"content":{"rendered":"\n<p class=\"has-text-align-center\">Die richtige Beleuchtung ist in jedem Raum wichtig, aber noch wichtiger ist sie dort, wo die Mitarbeiter arbeiten. Sie verbringen den halben, manchmal den ganzen Tag in einer Lagerhalle und sind daher auf das dort h\u00e4ngende Licht angewiesen. Gutes Licht kann die <strong>Konzentration<\/strong> steigern und die Stimmung und Produktivit\u00e4t verbessern. Auch das Gesetz \u00fcber die Arbeitsbedingungen enth\u00e4lt Richtlinien zur Beleuchtung von Arbeitspl\u00e4tzen.  <\/p>\n<div class=\"information\"><a class=\"btn\" href=\"https:\/\/britelight.nl\/contact\/\">Stellen Sie uns eine Frage<\/a><a class=\"btn btn-outline icon-phone\" href=\"tel:+31321328050\">+31 321 328 050<\/a><\/div>\n","protected":false},"excerpt":{"rendered":"<p>Die richtige Beleuchtung ist in jedem Raum wichtig, aber noch wichtiger ist sie dort, wo die Mitarbeiter arbeiten. Sie verbringen den halben, manchmal den ganzen Tag in einer Lagerhalle und sind daher auf das dort h\u00e4ngende Licht angewiesen. Gutes Licht kann die Konzentration steigern und die Stimmung und Produktivit\u00e4t verbessern. Auch das Gesetz \u00fcber die [&hellip;]<\/p>\n","protected":false},"author":2,"featured_media":0,"parent":0,"menu_order":0,"comment_status":"closed","ping_status":"closed","template":"template-lp.php","meta":{"_acf_changed":false,"inline_featured_image":false,"footnotes":""},"class_list":["post-1918","page","type-page","status-publish","hentry"],"acf":[],"yoast_head":"<!-- This site is optimized with the Yoast SEO plugin v27.2 - https:\/\/yoast.com\/product\/yoast-seo-wordpress\/ -->\n<title>Lagerbeleuchtung | Britelight<\/title>\n<meta name=\"description\" content=\"Gutes Licht kann die Konzentration steigern und die Produktivit\u00e4t erh\u00f6hen. Auch f\u00fcr die Beleuchtung am Arbeitsplatz gibt es Richtlinien.\" \/>\n<meta name=\"robots\" content=\"index, follow, max-snippet:-1, max-image-preview:large, max-video-preview:-1\" \/>\n<link rel=\"canonical\" href=\"https:\/\/britelight.nl\/de\/beleuchtung-des-lagers\/\" \/>\n<meta property=\"og:locale\" content=\"de_DE\" \/>\n<meta property=\"og:type\" content=\"article\" \/>\n<meta property=\"og:title\" content=\"Lagerbeleuchtung | Britelight\" \/>\n<meta property=\"og:description\" content=\"Gutes Licht kann die Konzentration steigern und die Produktivit\u00e4t erh\u00f6hen. Auch f\u00fcr die Beleuchtung am Arbeitsplatz gibt es Richtlinien.\" \/>\n<meta property=\"og:url\" content=\"https:\/\/britelight.nl\/de\/beleuchtung-des-lagers\/\" \/>\n<meta property=\"og:site_name\" content=\"Britelight\" \/>\n<meta property=\"article:modified_time\" content=\"2023-09-12T08:26:35+00:00\" \/>\n<meta name=\"twitter:card\" content=\"summary_large_image\" \/>\n<script type=\"application\/ld+json\" class=\"yoast-schema-graph\">{\"@context\":\"https:\/\/schema.org\",\"@graph\":[{\"@type\":\"WebPage\",\"@id\":\"https:\/\/britelight.nl\/de\/beleuchtung-des-lagers\/\",\"url\":\"https:\/\/britelight.nl\/de\/beleuchtung-des-lagers\/\",\"name\":\"Lagerbeleuchtung | Britelight\",\"isPartOf\":{\"@id\":\"https:\/\/britelight.nl\/de\/#website\"},\"datePublished\":\"2022-08-17T13:33:57+00:00\",\"dateModified\":\"2023-09-12T08:26:35+00:00\",\"description\":\"Gutes Licht kann die Konzentration steigern und die Produktivit\u00e4t erh\u00f6hen. Auch f\u00fcr die Beleuchtung am Arbeitsplatz gibt es Richtlinien.\",\"breadcrumb\":{\"@id\":\"https:\/\/britelight.nl\/de\/beleuchtung-des-lagers\/#breadcrumb\"},\"inLanguage\":\"de\",\"potentialAction\":[{\"@type\":\"ReadAction\",\"target\":[\"https:\/\/britelight.nl\/de\/beleuchtung-des-lagers\/\"]}]},{\"@type\":\"BreadcrumbList\",\"@id\":\"https:\/\/britelight.nl\/de\/beleuchtung-des-lagers\/#breadcrumb\",\"itemListElement\":[{\"@type\":\"ListItem\",\"position\":1,\"name\":\"Home\",\"item\":\"https:\/\/britelight.nl\/de\/\"},{\"@type\":\"ListItem\",\"position\":2,\"name\":\"Lagerbeleuchtung\"}]},{\"@type\":\"WebSite\",\"@id\":\"https:\/\/britelight.nl\/de\/#website\",\"url\":\"https:\/\/britelight.nl\/de\/\",\"name\":\"Britelight\",\"description\":\"Specialist in lichtoplossingen\",\"publisher\":{\"@id\":\"https:\/\/britelight.nl\/de\/#organization\"},\"potentialAction\":[{\"@type\":\"SearchAction\",\"target\":{\"@type\":\"EntryPoint\",\"urlTemplate\":\"https:\/\/britelight.nl\/de\/?s={search_term_string}\"},\"query-input\":{\"@type\":\"PropertyValueSpecification\",\"valueRequired\":true,\"valueName\":\"search_term_string\"}}],\"inLanguage\":\"de\"},{\"@type\":\"Organization\",\"@id\":\"https:\/\/britelight.nl\/de\/#organization\",\"name\":\"Britelight\",\"url\":\"https:\/\/britelight.nl\/de\/\",\"logo\":{\"@type\":\"ImageObject\",\"inLanguage\":\"de\",\"@id\":\"https:\/\/britelight.nl\/de\/#\/schema\/logo\/image\/\",\"url\":\"https:\/\/britelight.nl\/wp-content\/uploads\/2022\/05\/draden2-1.svg\",\"contentUrl\":\"https:\/\/britelight.nl\/wp-content\/uploads\/2022\/05\/draden2-1.svg\",\"width\":836,\"height\":494,\"caption\":\"Britelight\"},\"image\":{\"@id\":\"https:\/\/britelight.nl\/de\/#\/schema\/logo\/image\/\"},\"sameAs\":[\"https:\/\/switchtron.nl\/\",\"https:\/\/ocab.nl\/\"]}]}<\/script>\n<!-- \/ Yoast SEO plugin. -->","yoast_head_json":{"title":"Lagerbeleuchtung | Britelight","description":"Gutes Licht kann die Konzentration steigern und die Produktivit\u00e4t erh\u00f6hen. Auch f\u00fcr die Beleuchtung am Arbeitsplatz gibt es Richtlinien.","robots":{"index":"index","follow":"follow","max-snippet":"max-snippet:-1","max-image-preview":"max-image-preview:large","max-video-preview":"max-video-preview:-1"},"canonical":"https:\/\/britelight.nl\/de\/beleuchtung-des-lagers\/","og_locale":"de_DE","og_type":"article","og_title":"Lagerbeleuchtung | Britelight","og_description":"Gutes Licht kann die Konzentration steigern und die Produktivit\u00e4t erh\u00f6hen. Auch f\u00fcr die Beleuchtung am Arbeitsplatz gibt es Richtlinien.","og_url":"https:\/\/britelight.nl\/de\/beleuchtung-des-lagers\/","og_site_name":"Britelight","article_modified_time":"2023-09-12T08:26:35+00:00","twitter_card":"summary_large_image","schema":{"@context":"https:\/\/schema.org","@graph":[{"@type":"WebPage","@id":"https:\/\/britelight.nl\/de\/beleuchtung-des-lagers\/","url":"https:\/\/britelight.nl\/de\/beleuchtung-des-lagers\/","name":"Lagerbeleuchtung | Britelight","isPartOf":{"@id":"https:\/\/britelight.nl\/de\/#website"},"datePublished":"2022-08-17T13:33:57+00:00","dateModified":"2023-09-12T08:26:35+00:00","description":"Gutes Licht kann die Konzentration steigern und die Produktivit\u00e4t erh\u00f6hen. Auch f\u00fcr die Beleuchtung am Arbeitsplatz gibt es Richtlinien.","breadcrumb":{"@id":"https:\/\/britelight.nl\/de\/beleuchtung-des-lagers\/#breadcrumb"},"inLanguage":"de","potentialAction":[{"@type":"ReadAction","target":["https:\/\/britelight.nl\/de\/beleuchtung-des-lagers\/"]}]},{"@type":"BreadcrumbList","@id":"https:\/\/britelight.nl\/de\/beleuchtung-des-lagers\/#breadcrumb","itemListElement":[{"@type":"ListItem","position":1,"name":"Home","item":"https:\/\/britelight.nl\/de\/"},{"@type":"ListItem","position":2,"name":"Lagerbeleuchtung"}]},{"@type":"WebSite","@id":"https:\/\/britelight.nl\/de\/#website","url":"https:\/\/britelight.nl\/de\/","name":"Britelight","description":"Specialist in lichtoplossingen","publisher":{"@id":"https:\/\/britelight.nl\/de\/#organization"},"potentialAction":[{"@type":"SearchAction","target":{"@type":"EntryPoint","urlTemplate":"https:\/\/britelight.nl\/de\/?s={search_term_string}"},"query-input":{"@type":"PropertyValueSpecification","valueRequired":true,"valueName":"search_term_string"}}],"inLanguage":"de"},{"@type":"Organization","@id":"https:\/\/britelight.nl\/de\/#organization","name":"Britelight","url":"https:\/\/britelight.nl\/de\/","logo":{"@type":"ImageObject","inLanguage":"de","@id":"https:\/\/britelight.nl\/de\/#\/schema\/logo\/image\/","url":"https:\/\/britelight.nl\/wp-content\/uploads\/2022\/05\/draden2-1.svg","contentUrl":"https:\/\/britelight.nl\/wp-content\/uploads\/2022\/05\/draden2-1.svg","width":836,"height":494,"caption":"Britelight"},"image":{"@id":"https:\/\/britelight.nl\/de\/#\/schema\/logo\/image\/"},"sameAs":["https:\/\/switchtron.nl\/","https:\/\/ocab.nl\/"]}]}},"_links":{"self":[{"href":"https:\/\/britelight.nl\/de\/wp-json\/wp\/v2\/pages\/1918","targetHints":{"allow":["GET"]}}],"collection":[{"href":"https:\/\/britelight.nl\/de\/wp-json\/wp\/v2\/pages"}],"about":[{"href":"https:\/\/britelight.nl\/de\/wp-json\/wp\/v2\/types\/page"}],"author":[{"embeddable":true,"href":"https:\/\/britelight.nl\/de\/wp-json\/wp\/v2\/users\/2"}],"replies":[{"embeddable":true,"href":"https:\/\/britelight.nl\/de\/wp-json\/wp\/v2\/comments?post=1918"}],"version-history":[{"count":0,"href":"https:\/\/britelight.nl\/de\/wp-json\/wp\/v2\/pages\/1918\/revisions"}],"wp:attachment":[{"href":"https:\/\/britelight.nl\/de\/wp-json\/wp\/v2\/media?parent=1918"}],"curies":[{"name":"wp","href":"https:\/\/api.w.org\/{rel}","templated":true}]}}