{"id":1922,"date":"2022-08-17T15:15:09","date_gmt":"2022-08-17T13:15:09","guid":{"rendered":"https:\/\/ocab.flywheelsites.com\/beleuchtung-des-ausstellungsraums\/"},"modified":"2023-09-12T08:30:50","modified_gmt":"2023-09-12T08:30:50","slug":"beleuchtung-des-ausstellungsraums","status":"publish","type":"page","link":"https:\/\/britelight.nl\/de\/beleuchtung-des-ausstellungsraums\/","title":{"rendered":"Ausstellungsraumbeleuchtung"},"content":{"rendered":"\n<p class=\"has-text-align-center\">Die Beleuchtung in Ausstellungsr\u00e4umen ist ein wichtiger Bestandteil des Kaufverhaltens. Die Atmosph\u00e4re in einem Ausstellungsraum beim Betreten tr\u00e4gt zum Erlebnis des Kunden bei. Durch eine akzentuierte Beleuchtung k\u00f6nnen bestimmte Produkte hervorgehoben werden, was die Wahrscheinlichkeit erh\u00f6ht, dass die Menschen auf sie zugehen und einen Kauf t\u00e4tigen. Dar\u00fcber hinaus ist die allgemeine Beleuchtung wichtig, um ein frisches und angenehmes Aussehen zu schaffen.  <\/p>\n<div class=\"information\"><a class=\"btn\" href=\"https:\/\/britelight.nl\/contact\/\">Stellen Sie uns eine Frage<\/a><a class=\"btn btn-outline icon-phone\" href=\"tel:+31321328050\">+31 321 328 050<\/a><\/div>\n","protected":false},"excerpt":{"rendered":"<p>Die Beleuchtung in Ausstellungsr\u00e4umen ist ein wichtiger Bestandteil des Kaufverhaltens. Die Atmosph\u00e4re in einem Ausstellungsraum beim Betreten tr\u00e4gt zum Erlebnis des Kunden bei. Durch eine akzentuierte Beleuchtung k\u00f6nnen bestimmte Produkte hervorgehoben werden, was die Wahrscheinlichkeit erh\u00f6ht, dass die Menschen auf sie zugehen und einen Kauf t\u00e4tigen. Dar\u00fcber hinaus ist die allgemeine Beleuchtung wichtig, um ein [&hellip;]<\/p>\n","protected":false},"author":2,"featured_media":0,"parent":0,"menu_order":0,"comment_status":"closed","ping_status":"closed","template":"template-lp.php","meta":{"_acf_changed":false,"inline_featured_image":false,"footnotes":""},"class_list":["post-1922","page","type-page","status-publish","hentry"],"acf":[],"yoast_head":"<!-- This site is optimized with the Yoast SEO plugin v27.4 - https:\/\/yoast.com\/product\/yoast-seo-wordpress\/ -->\n<title>Ausstellungsraumbeleuchtung | Britelight<\/title>\n<meta name=\"description\" content=\"Die Beleuchtung in Ausstellungsr\u00e4umen ist ein wichtiger Bestandteil des Kaufverhaltens. Die Atmosph\u00e4re in einem Ausstellungsraum tr\u00e4gt zum Erlebnis des Kunden bei.\" \/>\n<meta name=\"robots\" content=\"index, follow, max-snippet:-1, max-image-preview:large, max-video-preview:-1\" \/>\n<link rel=\"canonical\" href=\"https:\/\/britelight.nl\/de\/beleuchtung-des-ausstellungsraums\/\" \/>\n<meta property=\"og:locale\" content=\"de_DE\" \/>\n<meta property=\"og:type\" content=\"article\" \/>\n<meta property=\"og:title\" content=\"Ausstellungsraumbeleuchtung | Britelight\" \/>\n<meta property=\"og:description\" content=\"Die Beleuchtung in Ausstellungsr\u00e4umen ist ein wichtiger Bestandteil des Kaufverhaltens. Die Atmosph\u00e4re in einem Ausstellungsraum tr\u00e4gt zum Erlebnis des Kunden bei.\" \/>\n<meta property=\"og:url\" content=\"https:\/\/britelight.nl\/de\/beleuchtung-des-ausstellungsraums\/\" \/>\n<meta property=\"og:site_name\" content=\"Britelight\" \/>\n<meta property=\"article:modified_time\" content=\"2023-09-12T08:30:50+00:00\" \/>\n<meta name=\"twitter:card\" content=\"summary_large_image\" \/>\n<script type=\"application\/ld+json\" class=\"yoast-schema-graph\">{\"@context\":\"https:\\\/\\\/schema.org\",\"@graph\":[{\"@type\":\"WebPage\",\"@id\":\"https:\\\/\\\/britelight.nl\\\/de\\\/beleuchtung-des-ausstellungsraums\\\/\",\"url\":\"https:\\\/\\\/britelight.nl\\\/de\\\/beleuchtung-des-ausstellungsraums\\\/\",\"name\":\"Ausstellungsraumbeleuchtung | Britelight\",\"isPartOf\":{\"@id\":\"https:\\\/\\\/britelight.nl\\\/de\\\/#website\"},\"datePublished\":\"2022-08-17T13:15:09+00:00\",\"dateModified\":\"2023-09-12T08:30:50+00:00\",\"description\":\"Die Beleuchtung in Ausstellungsr\u00e4umen ist ein wichtiger Bestandteil des Kaufverhaltens. Die Atmosph\u00e4re in einem Ausstellungsraum tr\u00e4gt zum Erlebnis des Kunden bei.\",\"breadcrumb\":{\"@id\":\"https:\\\/\\\/britelight.nl\\\/de\\\/beleuchtung-des-ausstellungsraums\\\/#breadcrumb\"},\"inLanguage\":\"de\",\"potentialAction\":[{\"@type\":\"ReadAction\",\"target\":[\"https:\\\/\\\/britelight.nl\\\/de\\\/beleuchtung-des-ausstellungsraums\\\/\"]}]},{\"@type\":\"BreadcrumbList\",\"@id\":\"https:\\\/\\\/britelight.nl\\\/de\\\/beleuchtung-des-ausstellungsraums\\\/#breadcrumb\",\"itemListElement\":[{\"@type\":\"ListItem\",\"position\":1,\"name\":\"Home\",\"item\":\"https:\\\/\\\/britelight.nl\\\/de\\\/\"},{\"@type\":\"ListItem\",\"position\":2,\"name\":\"Ausstellungsraumbeleuchtung\"}]},{\"@type\":\"WebSite\",\"@id\":\"https:\\\/\\\/britelight.nl\\\/de\\\/#website\",\"url\":\"https:\\\/\\\/britelight.nl\\\/de\\\/\",\"name\":\"Britelight\",\"description\":\"Specialist in lichtoplossingen\",\"publisher\":{\"@id\":\"https:\\\/\\\/britelight.nl\\\/de\\\/#organization\"},\"potentialAction\":[{\"@type\":\"SearchAction\",\"target\":{\"@type\":\"EntryPoint\",\"urlTemplate\":\"https:\\\/\\\/britelight.nl\\\/de\\\/?s={search_term_string}\"},\"query-input\":{\"@type\":\"PropertyValueSpecification\",\"valueRequired\":true,\"valueName\":\"search_term_string\"}}],\"inLanguage\":\"de\"},{\"@type\":\"Organization\",\"@id\":\"https:\\\/\\\/britelight.nl\\\/de\\\/#organization\",\"name\":\"Britelight\",\"url\":\"https:\\\/\\\/britelight.nl\\\/de\\\/\",\"logo\":{\"@type\":\"ImageObject\",\"inLanguage\":\"de\",\"@id\":\"https:\\\/\\\/britelight.nl\\\/de\\\/#\\\/schema\\\/logo\\\/image\\\/\",\"url\":\"https:\\\/\\\/britelight.nl\\\/wp-content\\\/uploads\\\/2022\\\/05\\\/draden2-1.svg\",\"contentUrl\":\"https:\\\/\\\/britelight.nl\\\/wp-content\\\/uploads\\\/2022\\\/05\\\/draden2-1.svg\",\"width\":836,\"height\":494,\"caption\":\"Britelight\"},\"image\":{\"@id\":\"https:\\\/\\\/britelight.nl\\\/de\\\/#\\\/schema\\\/logo\\\/image\\\/\"},\"sameAs\":[\"https:\\\/\\\/switchtron.nl\\\/\",\"https:\\\/\\\/ocab.nl\\\/\"]}]}<\/script>\n<!-- \/ Yoast SEO plugin. -->","yoast_head_json":{"title":"Ausstellungsraumbeleuchtung | Britelight","description":"Die Beleuchtung in Ausstellungsr\u00e4umen ist ein wichtiger Bestandteil des Kaufverhaltens. Die Atmosph\u00e4re in einem Ausstellungsraum tr\u00e4gt zum Erlebnis des Kunden bei.","robots":{"index":"index","follow":"follow","max-snippet":"max-snippet:-1","max-image-preview":"max-image-preview:large","max-video-preview":"max-video-preview:-1"},"canonical":"https:\/\/britelight.nl\/de\/beleuchtung-des-ausstellungsraums\/","og_locale":"de_DE","og_type":"article","og_title":"Ausstellungsraumbeleuchtung | Britelight","og_description":"Die Beleuchtung in Ausstellungsr\u00e4umen ist ein wichtiger Bestandteil des Kaufverhaltens. Die Atmosph\u00e4re in einem Ausstellungsraum tr\u00e4gt zum Erlebnis des Kunden bei.","og_url":"https:\/\/britelight.nl\/de\/beleuchtung-des-ausstellungsraums\/","og_site_name":"Britelight","article_modified_time":"2023-09-12T08:30:50+00:00","twitter_card":"summary_large_image","schema":{"@context":"https:\/\/schema.org","@graph":[{"@type":"WebPage","@id":"https:\/\/britelight.nl\/de\/beleuchtung-des-ausstellungsraums\/","url":"https:\/\/britelight.nl\/de\/beleuchtung-des-ausstellungsraums\/","name":"Ausstellungsraumbeleuchtung | Britelight","isPartOf":{"@id":"https:\/\/britelight.nl\/de\/#website"},"datePublished":"2022-08-17T13:15:09+00:00","dateModified":"2023-09-12T08:30:50+00:00","description":"Die Beleuchtung in Ausstellungsr\u00e4umen ist ein wichtiger Bestandteil des Kaufverhaltens. Die Atmosph\u00e4re in einem Ausstellungsraum tr\u00e4gt zum Erlebnis des Kunden bei.","breadcrumb":{"@id":"https:\/\/britelight.nl\/de\/beleuchtung-des-ausstellungsraums\/#breadcrumb"},"inLanguage":"de","potentialAction":[{"@type":"ReadAction","target":["https:\/\/britelight.nl\/de\/beleuchtung-des-ausstellungsraums\/"]}]},{"@type":"BreadcrumbList","@id":"https:\/\/britelight.nl\/de\/beleuchtung-des-ausstellungsraums\/#breadcrumb","itemListElement":[{"@type":"ListItem","position":1,"name":"Home","item":"https:\/\/britelight.nl\/de\/"},{"@type":"ListItem","position":2,"name":"Ausstellungsraumbeleuchtung"}]},{"@type":"WebSite","@id":"https:\/\/britelight.nl\/de\/#website","url":"https:\/\/britelight.nl\/de\/","name":"Britelight","description":"Specialist in lichtoplossingen","publisher":{"@id":"https:\/\/britelight.nl\/de\/#organization"},"potentialAction":[{"@type":"SearchAction","target":{"@type":"EntryPoint","urlTemplate":"https:\/\/britelight.nl\/de\/?s={search_term_string}"},"query-input":{"@type":"PropertyValueSpecification","valueRequired":true,"valueName":"search_term_string"}}],"inLanguage":"de"},{"@type":"Organization","@id":"https:\/\/britelight.nl\/de\/#organization","name":"Britelight","url":"https:\/\/britelight.nl\/de\/","logo":{"@type":"ImageObject","inLanguage":"de","@id":"https:\/\/britelight.nl\/de\/#\/schema\/logo\/image\/","url":"https:\/\/britelight.nl\/wp-content\/uploads\/2022\/05\/draden2-1.svg","contentUrl":"https:\/\/britelight.nl\/wp-content\/uploads\/2022\/05\/draden2-1.svg","width":836,"height":494,"caption":"Britelight"},"image":{"@id":"https:\/\/britelight.nl\/de\/#\/schema\/logo\/image\/"},"sameAs":["https:\/\/switchtron.nl\/","https:\/\/ocab.nl\/"]}]}},"_links":{"self":[{"href":"https:\/\/britelight.nl\/de\/wp-json\/wp\/v2\/pages\/1922","targetHints":{"allow":["GET"]}}],"collection":[{"href":"https:\/\/britelight.nl\/de\/wp-json\/wp\/v2\/pages"}],"about":[{"href":"https:\/\/britelight.nl\/de\/wp-json\/wp\/v2\/types\/page"}],"author":[{"embeddable":true,"href":"https:\/\/britelight.nl\/de\/wp-json\/wp\/v2\/users\/2"}],"replies":[{"embeddable":true,"href":"https:\/\/britelight.nl\/de\/wp-json\/wp\/v2\/comments?post=1922"}],"version-history":[{"count":0,"href":"https:\/\/britelight.nl\/de\/wp-json\/wp\/v2\/pages\/1922\/revisions"}],"wp:attachment":[{"href":"https:\/\/britelight.nl\/de\/wp-json\/wp\/v2\/media?parent=1922"}],"curies":[{"name":"wp","href":"https:\/\/api.w.org\/{rel}","templated":true}]}}