{"id":1927,"date":"2022-05-04T09:37:41","date_gmt":"2022-05-04T07:37:41","guid":{"rendered":"https:\/\/ocab.flywheelsites.com\/ueber-uns\/"},"modified":"2023-10-13T08:42:57","modified_gmt":"2023-10-13T06:42:57","slug":"ueber-uns","status":"publish","type":"page","link":"https:\/\/britelight.nl\/de\/ueber-uns\/","title":{"rendered":"\u00dcber uns"},"content":{"rendered":"\n<p>Britelight ist der Spezialist f\u00fcr Beleuchtungsl\u00f6sungen. Mit einer breiten Palette von Leuchten haben wir f\u00fcr jede Branche die gew\u00fcnschte Beleuchtungsl\u00f6sung. Die B2B-Beleuchtungsl\u00f6sungen sind erschwinglich und von guter Qualit\u00e4t.<\/p>\n\n<div class=\"information\"><a class=\"btn\" href=\"https:\/\/britelight.nl\/contact\/\">Stellen Sie uns eine Frage<\/a><a class=\"btn btn-outline icon-phone\" href=\"tel:+31321328050\">+31 321 328 050<\/a><\/div>\n\n<h2 class=\"wp-block-heading\">Der Spezialist f\u00fcr Beleuchtungsl\u00f6sungen<\/h2>\n\n<p>Neben dem Leuchtengeh\u00e4use k\u00f6nnen wir auch das Innenleben der Leuchte liefern. Bei Bedarf bieten wir auch die komplette Installation unserer Produkte an. Britelight ist der Spezialist f\u00fcr Beleuchtungsl\u00f6sungen und ber\u00e4t Sie gerne bei der Wahl der richtigen Beleuchtung f\u00fcr jeden Raum. Die Spezialisten unseres Teams sind auf dem neuesten Stand der NEN-Normen und stellen sicher, dass Ihre Beleuchtung den europ\u00e4ischen Gesetzen und Vorschriften entspricht.<\/p>\n\n<p>Da wir \u00fcber ein eigenes Lager verf\u00fcgen, k\u00f6nnen wir die Beleuchtungsl\u00f6sung(en) schnell liefern.  <\/p>\n\n<h2 class=\"wp-block-heading\">Nachhaltige Beleuchtungsl\u00f6sung<\/h2>\n\n<p>Britelight-Beleuchtungsl\u00f6sungen sind dank der Integration von LEDs in die Leuchten energieeffizient. Dadurch sparen Sie als Unternehmen Energiekosten und Ersatzkosten. Die Leuchten von Britelight werden aus nachhaltigen Materialien hergestellt. So halten wir die Welt gemeinsam viel sauberer!  <\/p>\n\n<h2 class=\"wp-block-heading\">Unsere Produktpalette<\/h2>\n\n<p>Die breite Produktpalette von Britelight besteht aus einer Vielzahl von Leuchten. Das Sortiment umfasst sowohl Einbau- als auch Anbauleuchten sowie wasserdichte Leuchten und Notbeleuchtung.  <\/p>\n\n<p>Haben Sie eine Frage zu den Beleuchtungsl\u00f6sungen von Britelight oder w\u00fcnschen Sie eine Beratung? Sie k\u00f6nnen uns gerne kontaktieren. Wir helfen Ihnen gerne.<\/p>\n\n<div class=\"information\"><a class=\"btn\" href=\"https:\/\/britelight.nl\/contact\/\">Stellen Sie uns eine Frage<\/a><a class=\"btn btn-outline icon-phone\" href=\"tel:+31321328050\">+31 321 328 050<\/a><\/div>\n","protected":false},"excerpt":{"rendered":"<p>Britelight ist der Spezialist f\u00fcr Beleuchtungsl\u00f6sungen. Mit einer breiten Palette von Leuchten haben wir f\u00fcr jede Branche die gew\u00fcnschte Beleuchtungsl\u00f6sung. Die B2B-Beleuchtungsl\u00f6sungen sind erschwinglich und von guter Qualit\u00e4t. Der Spezialist f\u00fcr Beleuchtungsl\u00f6sungen Neben dem Leuchtengeh\u00e4use k\u00f6nnen wir auch das Innenleben der Leuchte liefern. Bei Bedarf bieten wir auch die komplette Installation unserer Produkte an. Britelight [&hellip;]<\/p>\n","protected":false},"author":2,"featured_media":0,"parent":0,"menu_order":0,"comment_status":"closed","ping_status":"closed","template":"","meta":{"_acf_changed":false,"inline_featured_image":false,"footnotes":""},"class_list":["post-1927","page","type-page","status-publish","hentry"],"acf":[],"yoast_head":"<!-- This site is optimized with the Yoast SEO plugin v27.2 - https:\/\/yoast.com\/product\/yoast-seo-wordpress\/ -->\n<title>\u00dcber uns | Britelight<\/title>\n<meta name=\"description\" content=\"Britelight ist eine hochwertige und zuverl\u00e4ssige LED-Beleuchtungsmarke f\u00fcr B\u00fcros, Bildungseinrichtungen, Gesundheitswesen, Einzelhandel und Industrie.\" \/>\n<meta name=\"robots\" content=\"index, follow, max-snippet:-1, max-image-preview:large, max-video-preview:-1\" \/>\n<link rel=\"canonical\" href=\"https:\/\/britelight.nl\/de\/ueber-uns\/\" \/>\n<meta property=\"og:locale\" content=\"de_DE\" \/>\n<meta property=\"og:type\" content=\"article\" \/>\n<meta property=\"og:title\" content=\"\u00dcber uns | Britelight\" \/>\n<meta property=\"og:description\" content=\"Britelight ist eine hochwertige und zuverl\u00e4ssige LED-Beleuchtungsmarke f\u00fcr B\u00fcros, Bildungseinrichtungen, Gesundheitswesen, Einzelhandel und Industrie.\" \/>\n<meta property=\"og:url\" content=\"https:\/\/britelight.nl\/de\/ueber-uns\/\" \/>\n<meta property=\"og:site_name\" content=\"Britelight\" \/>\n<meta property=\"article:modified_time\" content=\"2023-10-13T06:42:57+00:00\" \/>\n<meta name=\"twitter:card\" content=\"summary_large_image\" \/>\n<meta name=\"twitter:label1\" content=\"Gesch\u00e4tzte Lesezeit\" \/>\n\t<meta name=\"twitter:data1\" content=\"1\u00a0Minute\" \/>\n<script type=\"application\/ld+json\" class=\"yoast-schema-graph\">{\"@context\":\"https:\/\/schema.org\",\"@graph\":[{\"@type\":\"WebPage\",\"@id\":\"https:\/\/britelight.nl\/de\/ueber-uns\/\",\"url\":\"https:\/\/britelight.nl\/de\/ueber-uns\/\",\"name\":\"\u00dcber uns | Britelight\",\"isPartOf\":{\"@id\":\"https:\/\/britelight.nl\/de\/#website\"},\"datePublished\":\"2022-05-04T07:37:41+00:00\",\"dateModified\":\"2023-10-13T06:42:57+00:00\",\"description\":\"Britelight ist eine hochwertige und zuverl\u00e4ssige LED-Beleuchtungsmarke f\u00fcr B\u00fcros, Bildungseinrichtungen, Gesundheitswesen, Einzelhandel und Industrie.\",\"breadcrumb\":{\"@id\":\"https:\/\/britelight.nl\/de\/ueber-uns\/#breadcrumb\"},\"inLanguage\":\"de\",\"potentialAction\":[{\"@type\":\"ReadAction\",\"target\":[\"https:\/\/britelight.nl\/de\/ueber-uns\/\"]}]},{\"@type\":\"BreadcrumbList\",\"@id\":\"https:\/\/britelight.nl\/de\/ueber-uns\/#breadcrumb\",\"itemListElement\":[{\"@type\":\"ListItem\",\"position\":1,\"name\":\"Home\",\"item\":\"https:\/\/britelight.nl\/de\/\"},{\"@type\":\"ListItem\",\"position\":2,\"name\":\"\u00dcber uns\"}]},{\"@type\":\"WebSite\",\"@id\":\"https:\/\/britelight.nl\/de\/#website\",\"url\":\"https:\/\/britelight.nl\/de\/\",\"name\":\"Britelight\",\"description\":\"Specialist in lichtoplossingen\",\"publisher\":{\"@id\":\"https:\/\/britelight.nl\/de\/#organization\"},\"potentialAction\":[{\"@type\":\"SearchAction\",\"target\":{\"@type\":\"EntryPoint\",\"urlTemplate\":\"https:\/\/britelight.nl\/de\/?s={search_term_string}\"},\"query-input\":{\"@type\":\"PropertyValueSpecification\",\"valueRequired\":true,\"valueName\":\"search_term_string\"}}],\"inLanguage\":\"de\"},{\"@type\":\"Organization\",\"@id\":\"https:\/\/britelight.nl\/de\/#organization\",\"name\":\"Britelight\",\"url\":\"https:\/\/britelight.nl\/de\/\",\"logo\":{\"@type\":\"ImageObject\",\"inLanguage\":\"de\",\"@id\":\"https:\/\/britelight.nl\/de\/#\/schema\/logo\/image\/\",\"url\":\"https:\/\/britelight.nl\/wp-content\/uploads\/2022\/05\/draden2-1.svg\",\"contentUrl\":\"https:\/\/britelight.nl\/wp-content\/uploads\/2022\/05\/draden2-1.svg\",\"width\":836,\"height\":494,\"caption\":\"Britelight\"},\"image\":{\"@id\":\"https:\/\/britelight.nl\/de\/#\/schema\/logo\/image\/\"},\"sameAs\":[\"https:\/\/switchtron.nl\/\",\"https:\/\/ocab.nl\/\"]}]}<\/script>\n<!-- \/ Yoast SEO plugin. -->","yoast_head_json":{"title":"\u00dcber uns | Britelight","description":"Britelight ist eine hochwertige und zuverl\u00e4ssige LED-Beleuchtungsmarke f\u00fcr B\u00fcros, Bildungseinrichtungen, Gesundheitswesen, Einzelhandel und Industrie.","robots":{"index":"index","follow":"follow","max-snippet":"max-snippet:-1","max-image-preview":"max-image-preview:large","max-video-preview":"max-video-preview:-1"},"canonical":"https:\/\/britelight.nl\/de\/ueber-uns\/","og_locale":"de_DE","og_type":"article","og_title":"\u00dcber uns | Britelight","og_description":"Britelight ist eine hochwertige und zuverl\u00e4ssige LED-Beleuchtungsmarke f\u00fcr B\u00fcros, Bildungseinrichtungen, Gesundheitswesen, Einzelhandel und Industrie.","og_url":"https:\/\/britelight.nl\/de\/ueber-uns\/","og_site_name":"Britelight","article_modified_time":"2023-10-13T06:42:57+00:00","twitter_card":"summary_large_image","twitter_misc":{"Gesch\u00e4tzte Lesezeit":"1\u00a0Minute"},"schema":{"@context":"https:\/\/schema.org","@graph":[{"@type":"WebPage","@id":"https:\/\/britelight.nl\/de\/ueber-uns\/","url":"https:\/\/britelight.nl\/de\/ueber-uns\/","name":"\u00dcber uns | Britelight","isPartOf":{"@id":"https:\/\/britelight.nl\/de\/#website"},"datePublished":"2022-05-04T07:37:41+00:00","dateModified":"2023-10-13T06:42:57+00:00","description":"Britelight ist eine hochwertige und zuverl\u00e4ssige LED-Beleuchtungsmarke f\u00fcr B\u00fcros, Bildungseinrichtungen, Gesundheitswesen, Einzelhandel und Industrie.","breadcrumb":{"@id":"https:\/\/britelight.nl\/de\/ueber-uns\/#breadcrumb"},"inLanguage":"de","potentialAction":[{"@type":"ReadAction","target":["https:\/\/britelight.nl\/de\/ueber-uns\/"]}]},{"@type":"BreadcrumbList","@id":"https:\/\/britelight.nl\/de\/ueber-uns\/#breadcrumb","itemListElement":[{"@type":"ListItem","position":1,"name":"Home","item":"https:\/\/britelight.nl\/de\/"},{"@type":"ListItem","position":2,"name":"\u00dcber uns"}]},{"@type":"WebSite","@id":"https:\/\/britelight.nl\/de\/#website","url":"https:\/\/britelight.nl\/de\/","name":"Britelight","description":"Specialist in lichtoplossingen","publisher":{"@id":"https:\/\/britelight.nl\/de\/#organization"},"potentialAction":[{"@type":"SearchAction","target":{"@type":"EntryPoint","urlTemplate":"https:\/\/britelight.nl\/de\/?s={search_term_string}"},"query-input":{"@type":"PropertyValueSpecification","valueRequired":true,"valueName":"search_term_string"}}],"inLanguage":"de"},{"@type":"Organization","@id":"https:\/\/britelight.nl\/de\/#organization","name":"Britelight","url":"https:\/\/britelight.nl\/de\/","logo":{"@type":"ImageObject","inLanguage":"de","@id":"https:\/\/britelight.nl\/de\/#\/schema\/logo\/image\/","url":"https:\/\/britelight.nl\/wp-content\/uploads\/2022\/05\/draden2-1.svg","contentUrl":"https:\/\/britelight.nl\/wp-content\/uploads\/2022\/05\/draden2-1.svg","width":836,"height":494,"caption":"Britelight"},"image":{"@id":"https:\/\/britelight.nl\/de\/#\/schema\/logo\/image\/"},"sameAs":["https:\/\/switchtron.nl\/","https:\/\/ocab.nl\/"]}]}},"_links":{"self":[{"href":"https:\/\/britelight.nl\/de\/wp-json\/wp\/v2\/pages\/1927","targetHints":{"allow":["GET"]}}],"collection":[{"href":"https:\/\/britelight.nl\/de\/wp-json\/wp\/v2\/pages"}],"about":[{"href":"https:\/\/britelight.nl\/de\/wp-json\/wp\/v2\/types\/page"}],"author":[{"embeddable":true,"href":"https:\/\/britelight.nl\/de\/wp-json\/wp\/v2\/users\/2"}],"replies":[{"embeddable":true,"href":"https:\/\/britelight.nl\/de\/wp-json\/wp\/v2\/comments?post=1927"}],"version-history":[{"count":0,"href":"https:\/\/britelight.nl\/de\/wp-json\/wp\/v2\/pages\/1927\/revisions"}],"wp:attachment":[{"href":"https:\/\/britelight.nl\/de\/wp-json\/wp\/v2\/media?parent=1927"}],"curies":[{"name":"wp","href":"https:\/\/api.w.org\/{rel}","templated":true}]}}