{"id":1962,"date":"2022-08-17T14:25:07","date_gmt":"2022-08-17T12:25:07","guid":{"rendered":"https:\/\/ocab.flywheelsites.com\/beleuchtung-der-sporthalle\/"},"modified":"2023-09-12T08:27:43","modified_gmt":"2023-09-12T08:27:43","slug":"beleuchtung-der-sporthalle","status":"publish","type":"page","link":"https:\/\/britelight.nl\/de\/beleuchtung-der-sporthalle\/","title":{"rendered":"Sporthallenbeleuchtung"},"content":{"rendered":"\n<p class=\"has-text-align-center\">Eine gute Beleuchtung in einer Sporthalle ist f\u00fcr die Sportler, die Zuschauer und das Personal im Raum unerl\u00e4sslich. Die sportlichen Leistungen verbessern sich erheblich, wenn die richtige Beleuchtung installiert ist, und auch der Spa\u00df am Sport wird gesteigert. Neben den positiven Auswirkungen einer guten Beleuchtung ist es auch sehr wichtig, dass die Beleuchtung die Sicherheit gew\u00e4hrleistet. Ein Unfall befindet sich in einer kleinen Ecke, insbesondere bei Mannschaftssportarten. Wussten Sie au\u00dferdem, dass die Beleuchtung von Sporthallen eine Reihe von Richtlinien erf\u00fcllen muss?<\/p>\n<div class=\"information\"><a class=\"btn\" href=\"https:\/\/britelight.nl\/contact\/\">Stellen Sie uns eine Frage<\/a><a class=\"btn btn-outline icon-phone\" href=\"tel:+31321328050\">+31 321 328 050<\/a><\/div>\n","protected":false},"excerpt":{"rendered":"<p>Eine gute Beleuchtung in einer Sporthalle ist f\u00fcr die Sportler, die Zuschauer und das Personal im Raum unerl\u00e4sslich. Die sportlichen Leistungen verbessern sich erheblich, wenn die richtige Beleuchtung installiert ist, und auch der Spa\u00df am Sport wird gesteigert. Neben den positiven Auswirkungen einer guten Beleuchtung ist es auch sehr wichtig, dass die Beleuchtung die Sicherheit [&hellip;]<\/p>\n","protected":false},"author":2,"featured_media":0,"parent":0,"menu_order":0,"comment_status":"closed","ping_status":"closed","template":"template-lp.php","meta":{"_acf_changed":false,"inline_featured_image":false,"footnotes":""},"class_list":["post-1962","page","type-page","status-publish","hentry"],"acf":[],"yoast_head":"<!-- This site is optimized with the Yoast SEO plugin v27.4 - https:\/\/yoast.com\/product\/yoast-seo-wordpress\/ -->\n<title>Sporthallenbeleuchtung | Britelight<\/title>\n<meta name=\"description\" content=\"Eine gute Beleuchtung in einer Sporthalle ist f\u00fcr die Sportler unerl\u00e4sslich. Dar\u00fcber hinaus sollte die Beleuchtung von Sporthallen auch eine Reihe von Anforderungen erf\u00fcllen.\" \/>\n<meta name=\"robots\" content=\"index, follow, max-snippet:-1, max-image-preview:large, max-video-preview:-1\" \/>\n<link rel=\"canonical\" href=\"https:\/\/britelight.nl\/de\/beleuchtung-der-sporthalle\/\" \/>\n<meta property=\"og:locale\" content=\"de_DE\" \/>\n<meta property=\"og:type\" content=\"article\" \/>\n<meta property=\"og:title\" content=\"Sporthallenbeleuchtung | Britelight\" \/>\n<meta property=\"og:description\" content=\"Eine gute Beleuchtung in einer Sporthalle ist f\u00fcr die Sportler unerl\u00e4sslich. Dar\u00fcber hinaus sollte die Beleuchtung von Sporthallen auch eine Reihe von Anforderungen erf\u00fcllen.\" \/>\n<meta property=\"og:url\" content=\"https:\/\/britelight.nl\/de\/beleuchtung-der-sporthalle\/\" \/>\n<meta property=\"og:site_name\" content=\"Britelight\" \/>\n<meta property=\"article:modified_time\" content=\"2023-09-12T08:27:43+00:00\" \/>\n<meta name=\"twitter:card\" content=\"summary_large_image\" \/>\n<script type=\"application\/ld+json\" class=\"yoast-schema-graph\">{\"@context\":\"https:\\\/\\\/schema.org\",\"@graph\":[{\"@type\":\"WebPage\",\"@id\":\"https:\\\/\\\/britelight.nl\\\/de\\\/beleuchtung-der-sporthalle\\\/\",\"url\":\"https:\\\/\\\/britelight.nl\\\/de\\\/beleuchtung-der-sporthalle\\\/\",\"name\":\"Sporthallenbeleuchtung | Britelight\",\"isPartOf\":{\"@id\":\"https:\\\/\\\/britelight.nl\\\/de\\\/#website\"},\"datePublished\":\"2022-08-17T12:25:07+00:00\",\"dateModified\":\"2023-09-12T08:27:43+00:00\",\"description\":\"Eine gute Beleuchtung in einer Sporthalle ist f\u00fcr die Sportler unerl\u00e4sslich. Dar\u00fcber hinaus sollte die Beleuchtung von Sporthallen auch eine Reihe von Anforderungen erf\u00fcllen.\",\"breadcrumb\":{\"@id\":\"https:\\\/\\\/britelight.nl\\\/de\\\/beleuchtung-der-sporthalle\\\/#breadcrumb\"},\"inLanguage\":\"de\",\"potentialAction\":[{\"@type\":\"ReadAction\",\"target\":[\"https:\\\/\\\/britelight.nl\\\/de\\\/beleuchtung-der-sporthalle\\\/\"]}]},{\"@type\":\"BreadcrumbList\",\"@id\":\"https:\\\/\\\/britelight.nl\\\/de\\\/beleuchtung-der-sporthalle\\\/#breadcrumb\",\"itemListElement\":[{\"@type\":\"ListItem\",\"position\":1,\"name\":\"Home\",\"item\":\"https:\\\/\\\/britelight.nl\\\/de\\\/\"},{\"@type\":\"ListItem\",\"position\":2,\"name\":\"Sporthallenbeleuchtung\"}]},{\"@type\":\"WebSite\",\"@id\":\"https:\\\/\\\/britelight.nl\\\/de\\\/#website\",\"url\":\"https:\\\/\\\/britelight.nl\\\/de\\\/\",\"name\":\"Britelight\",\"description\":\"Specialist in lichtoplossingen\",\"publisher\":{\"@id\":\"https:\\\/\\\/britelight.nl\\\/de\\\/#organization\"},\"potentialAction\":[{\"@type\":\"SearchAction\",\"target\":{\"@type\":\"EntryPoint\",\"urlTemplate\":\"https:\\\/\\\/britelight.nl\\\/de\\\/?s={search_term_string}\"},\"query-input\":{\"@type\":\"PropertyValueSpecification\",\"valueRequired\":true,\"valueName\":\"search_term_string\"}}],\"inLanguage\":\"de\"},{\"@type\":\"Organization\",\"@id\":\"https:\\\/\\\/britelight.nl\\\/de\\\/#organization\",\"name\":\"Britelight\",\"url\":\"https:\\\/\\\/britelight.nl\\\/de\\\/\",\"logo\":{\"@type\":\"ImageObject\",\"inLanguage\":\"de\",\"@id\":\"https:\\\/\\\/britelight.nl\\\/de\\\/#\\\/schema\\\/logo\\\/image\\\/\",\"url\":\"https:\\\/\\\/britelight.nl\\\/wp-content\\\/uploads\\\/2022\\\/05\\\/draden2-1.svg\",\"contentUrl\":\"https:\\\/\\\/britelight.nl\\\/wp-content\\\/uploads\\\/2022\\\/05\\\/draden2-1.svg\",\"width\":836,\"height\":494,\"caption\":\"Britelight\"},\"image\":{\"@id\":\"https:\\\/\\\/britelight.nl\\\/de\\\/#\\\/schema\\\/logo\\\/image\\\/\"},\"sameAs\":[\"https:\\\/\\\/switchtron.nl\\\/\",\"https:\\\/\\\/ocab.nl\\\/\"]}]}<\/script>\n<!-- \/ Yoast SEO plugin. -->","yoast_head_json":{"title":"Sporthallenbeleuchtung | Britelight","description":"Eine gute Beleuchtung in einer Sporthalle ist f\u00fcr die Sportler unerl\u00e4sslich. Dar\u00fcber hinaus sollte die Beleuchtung von Sporthallen auch eine Reihe von Anforderungen erf\u00fcllen.","robots":{"index":"index","follow":"follow","max-snippet":"max-snippet:-1","max-image-preview":"max-image-preview:large","max-video-preview":"max-video-preview:-1"},"canonical":"https:\/\/britelight.nl\/de\/beleuchtung-der-sporthalle\/","og_locale":"de_DE","og_type":"article","og_title":"Sporthallenbeleuchtung | Britelight","og_description":"Eine gute Beleuchtung in einer Sporthalle ist f\u00fcr die Sportler unerl\u00e4sslich. Dar\u00fcber hinaus sollte die Beleuchtung von Sporthallen auch eine Reihe von Anforderungen erf\u00fcllen.","og_url":"https:\/\/britelight.nl\/de\/beleuchtung-der-sporthalle\/","og_site_name":"Britelight","article_modified_time":"2023-09-12T08:27:43+00:00","twitter_card":"summary_large_image","schema":{"@context":"https:\/\/schema.org","@graph":[{"@type":"WebPage","@id":"https:\/\/britelight.nl\/de\/beleuchtung-der-sporthalle\/","url":"https:\/\/britelight.nl\/de\/beleuchtung-der-sporthalle\/","name":"Sporthallenbeleuchtung | Britelight","isPartOf":{"@id":"https:\/\/britelight.nl\/de\/#website"},"datePublished":"2022-08-17T12:25:07+00:00","dateModified":"2023-09-12T08:27:43+00:00","description":"Eine gute Beleuchtung in einer Sporthalle ist f\u00fcr die Sportler unerl\u00e4sslich. Dar\u00fcber hinaus sollte die Beleuchtung von Sporthallen auch eine Reihe von Anforderungen erf\u00fcllen.","breadcrumb":{"@id":"https:\/\/britelight.nl\/de\/beleuchtung-der-sporthalle\/#breadcrumb"},"inLanguage":"de","potentialAction":[{"@type":"ReadAction","target":["https:\/\/britelight.nl\/de\/beleuchtung-der-sporthalle\/"]}]},{"@type":"BreadcrumbList","@id":"https:\/\/britelight.nl\/de\/beleuchtung-der-sporthalle\/#breadcrumb","itemListElement":[{"@type":"ListItem","position":1,"name":"Home","item":"https:\/\/britelight.nl\/de\/"},{"@type":"ListItem","position":2,"name":"Sporthallenbeleuchtung"}]},{"@type":"WebSite","@id":"https:\/\/britelight.nl\/de\/#website","url":"https:\/\/britelight.nl\/de\/","name":"Britelight","description":"Specialist in lichtoplossingen","publisher":{"@id":"https:\/\/britelight.nl\/de\/#organization"},"potentialAction":[{"@type":"SearchAction","target":{"@type":"EntryPoint","urlTemplate":"https:\/\/britelight.nl\/de\/?s={search_term_string}"},"query-input":{"@type":"PropertyValueSpecification","valueRequired":true,"valueName":"search_term_string"}}],"inLanguage":"de"},{"@type":"Organization","@id":"https:\/\/britelight.nl\/de\/#organization","name":"Britelight","url":"https:\/\/britelight.nl\/de\/","logo":{"@type":"ImageObject","inLanguage":"de","@id":"https:\/\/britelight.nl\/de\/#\/schema\/logo\/image\/","url":"https:\/\/britelight.nl\/wp-content\/uploads\/2022\/05\/draden2-1.svg","contentUrl":"https:\/\/britelight.nl\/wp-content\/uploads\/2022\/05\/draden2-1.svg","width":836,"height":494,"caption":"Britelight"},"image":{"@id":"https:\/\/britelight.nl\/de\/#\/schema\/logo\/image\/"},"sameAs":["https:\/\/switchtron.nl\/","https:\/\/ocab.nl\/"]}]}},"_links":{"self":[{"href":"https:\/\/britelight.nl\/de\/wp-json\/wp\/v2\/pages\/1962","targetHints":{"allow":["GET"]}}],"collection":[{"href":"https:\/\/britelight.nl\/de\/wp-json\/wp\/v2\/pages"}],"about":[{"href":"https:\/\/britelight.nl\/de\/wp-json\/wp\/v2\/types\/page"}],"author":[{"embeddable":true,"href":"https:\/\/britelight.nl\/de\/wp-json\/wp\/v2\/users\/2"}],"replies":[{"embeddable":true,"href":"https:\/\/britelight.nl\/de\/wp-json\/wp\/v2\/comments?post=1962"}],"version-history":[{"count":0,"href":"https:\/\/britelight.nl\/de\/wp-json\/wp\/v2\/pages\/1962\/revisions"}],"wp:attachment":[{"href":"https:\/\/britelight.nl\/de\/wp-json\/wp\/v2\/media?parent=1962"}],"curies":[{"name":"wp","href":"https:\/\/api.w.org\/{rel}","templated":true}]}}