{"id":2427,"date":"2022-09-05T09:42:15","date_gmt":"2022-09-05T07:42:15","guid":{"rendered":"https:\/\/ocab.flywheelsites.com\/hotelbeleuchtung\/"},"modified":"2023-09-01T13:37:49","modified_gmt":"2023-09-01T13:37:49","slug":"hotelbeleuchtung","status":"publish","type":"page","link":"https:\/\/britelight.nl\/de\/hotelbeleuchtung\/","title":{"rendered":"Hotelbeleuchtung"},"content":{"rendered":"\n<p class=\"has-text-align-center\">Ein Hotel ist ein stimmungsvoller Ort: Vom Foyer bis zum Hotelzimmer kann die Beleuchtung einen gro\u00dfen Unterschied f\u00fcr die Erfahrung Ihrer G\u00e4ste machen. Dar\u00fcber hinaus verf\u00fcgt ein Hotel oft \u00fcber einen Fr\u00fchst\u00fccksraum, einen Speisesaal, einen Fitnessraum, einen Wellnessbereich, einen Tagungsraum und andere Zimmerkategorien. Diese sollten auch in dem Beleuchtungsplan, den wir gerne mit Ihnen zusammen f\u00fcr Sie erstellen, nicht vergessen werden.<\/p>\n<div class=\"information\"><a class=\"btn\" href=\"https:\/\/britelight.nl\/contact\/\">Stellen Sie uns eine Frage<\/a><a class=\"btn btn-outline icon-phone\" href=\"tel:+31321328050\">+31 321 328 050<\/a><\/div>\n","protected":false},"excerpt":{"rendered":"<p>Ein Hotel ist ein stimmungsvoller Ort: Vom Foyer bis zum Hotelzimmer kann die Beleuchtung einen gro\u00dfen Unterschied f\u00fcr die Erfahrung Ihrer G\u00e4ste machen. Dar\u00fcber hinaus verf\u00fcgt ein Hotel oft \u00fcber einen Fr\u00fchst\u00fccksraum, einen Speisesaal, einen Fitnessraum, einen Wellnessbereich, einen Tagungsraum und andere Zimmerkategorien. Diese sollten auch in dem Beleuchtungsplan, den wir gerne mit Ihnen zusammen [&hellip;]<\/p>\n","protected":false},"author":2,"featured_media":0,"parent":0,"menu_order":0,"comment_status":"closed","ping_status":"closed","template":"template-lp.php","meta":{"_acf_changed":false,"inline_featured_image":false,"footnotes":""},"class_list":["post-2427","page","type-page","status-publish","hentry"],"acf":[],"yoast_head":"<!-- This site is optimized with the Yoast SEO plugin v27.4 - https:\/\/yoast.com\/product\/yoast-seo-wordpress\/ -->\n<title>Hotelbeleuchtung | Britelight<\/title>\n<meta name=\"description\" content=\"Ein Hotel ist ein stimmungsvoller Ort: Von der Lobby bis zum Hotelzimmer kann die Beleuchtung einen gro\u00dfen Unterschied im Erlebnis Ihrer G\u00e4ste ausmachen.\" \/>\n<meta name=\"robots\" content=\"index, follow, max-snippet:-1, max-image-preview:large, max-video-preview:-1\" \/>\n<link rel=\"canonical\" href=\"https:\/\/britelight.nl\/de\/hotelbeleuchtung\/\" \/>\n<meta property=\"og:locale\" content=\"de_DE\" \/>\n<meta property=\"og:type\" content=\"article\" \/>\n<meta property=\"og:title\" content=\"Hotelbeleuchtung | Britelight\" \/>\n<meta property=\"og:description\" content=\"Ein Hotel ist ein stimmungsvoller Ort: Von der Lobby bis zum Hotelzimmer kann die Beleuchtung einen gro\u00dfen Unterschied im Erlebnis Ihrer G\u00e4ste ausmachen.\" \/>\n<meta property=\"og:url\" content=\"https:\/\/britelight.nl\/de\/hotelbeleuchtung\/\" \/>\n<meta property=\"og:site_name\" content=\"Britelight\" \/>\n<meta property=\"article:modified_time\" content=\"2023-09-01T13:37:49+00:00\" \/>\n<meta name=\"twitter:card\" content=\"summary_large_image\" \/>\n<script type=\"application\/ld+json\" class=\"yoast-schema-graph\">{\"@context\":\"https:\\\/\\\/schema.org\",\"@graph\":[{\"@type\":\"WebPage\",\"@id\":\"https:\\\/\\\/britelight.nl\\\/de\\\/hotelbeleuchtung\\\/\",\"url\":\"https:\\\/\\\/britelight.nl\\\/de\\\/hotelbeleuchtung\\\/\",\"name\":\"Hotelbeleuchtung | Britelight\",\"isPartOf\":{\"@id\":\"https:\\\/\\\/britelight.nl\\\/de\\\/#website\"},\"datePublished\":\"2022-09-05T07:42:15+00:00\",\"dateModified\":\"2023-09-01T13:37:49+00:00\",\"description\":\"Ein Hotel ist ein stimmungsvoller Ort: Von der Lobby bis zum Hotelzimmer kann die Beleuchtung einen gro\u00dfen Unterschied im Erlebnis Ihrer G\u00e4ste ausmachen.\",\"breadcrumb\":{\"@id\":\"https:\\\/\\\/britelight.nl\\\/de\\\/hotelbeleuchtung\\\/#breadcrumb\"},\"inLanguage\":\"de\",\"potentialAction\":[{\"@type\":\"ReadAction\",\"target\":[\"https:\\\/\\\/britelight.nl\\\/de\\\/hotelbeleuchtung\\\/\"]}]},{\"@type\":\"BreadcrumbList\",\"@id\":\"https:\\\/\\\/britelight.nl\\\/de\\\/hotelbeleuchtung\\\/#breadcrumb\",\"itemListElement\":[{\"@type\":\"ListItem\",\"position\":1,\"name\":\"Home\",\"item\":\"https:\\\/\\\/britelight.nl\\\/de\\\/\"},{\"@type\":\"ListItem\",\"position\":2,\"name\":\"Hotelbeleuchtung\"}]},{\"@type\":\"WebSite\",\"@id\":\"https:\\\/\\\/britelight.nl\\\/de\\\/#website\",\"url\":\"https:\\\/\\\/britelight.nl\\\/de\\\/\",\"name\":\"Britelight\",\"description\":\"Specialist in lichtoplossingen\",\"publisher\":{\"@id\":\"https:\\\/\\\/britelight.nl\\\/de\\\/#organization\"},\"potentialAction\":[{\"@type\":\"SearchAction\",\"target\":{\"@type\":\"EntryPoint\",\"urlTemplate\":\"https:\\\/\\\/britelight.nl\\\/de\\\/?s={search_term_string}\"},\"query-input\":{\"@type\":\"PropertyValueSpecification\",\"valueRequired\":true,\"valueName\":\"search_term_string\"}}],\"inLanguage\":\"de\"},{\"@type\":\"Organization\",\"@id\":\"https:\\\/\\\/britelight.nl\\\/de\\\/#organization\",\"name\":\"Britelight\",\"url\":\"https:\\\/\\\/britelight.nl\\\/de\\\/\",\"logo\":{\"@type\":\"ImageObject\",\"inLanguage\":\"de\",\"@id\":\"https:\\\/\\\/britelight.nl\\\/de\\\/#\\\/schema\\\/logo\\\/image\\\/\",\"url\":\"https:\\\/\\\/britelight.nl\\\/wp-content\\\/uploads\\\/2022\\\/05\\\/draden2-1.svg\",\"contentUrl\":\"https:\\\/\\\/britelight.nl\\\/wp-content\\\/uploads\\\/2022\\\/05\\\/draden2-1.svg\",\"width\":836,\"height\":494,\"caption\":\"Britelight\"},\"image\":{\"@id\":\"https:\\\/\\\/britelight.nl\\\/de\\\/#\\\/schema\\\/logo\\\/image\\\/\"},\"sameAs\":[\"https:\\\/\\\/switchtron.nl\\\/\",\"https:\\\/\\\/ocab.nl\\\/\"]}]}<\/script>\n<!-- \/ Yoast SEO plugin. -->","yoast_head_json":{"title":"Hotelbeleuchtung | Britelight","description":"Ein Hotel ist ein stimmungsvoller Ort: Von der Lobby bis zum Hotelzimmer kann die Beleuchtung einen gro\u00dfen Unterschied im Erlebnis Ihrer G\u00e4ste ausmachen.","robots":{"index":"index","follow":"follow","max-snippet":"max-snippet:-1","max-image-preview":"max-image-preview:large","max-video-preview":"max-video-preview:-1"},"canonical":"https:\/\/britelight.nl\/de\/hotelbeleuchtung\/","og_locale":"de_DE","og_type":"article","og_title":"Hotelbeleuchtung | Britelight","og_description":"Ein Hotel ist ein stimmungsvoller Ort: Von der Lobby bis zum Hotelzimmer kann die Beleuchtung einen gro\u00dfen Unterschied im Erlebnis Ihrer G\u00e4ste ausmachen.","og_url":"https:\/\/britelight.nl\/de\/hotelbeleuchtung\/","og_site_name":"Britelight","article_modified_time":"2023-09-01T13:37:49+00:00","twitter_card":"summary_large_image","schema":{"@context":"https:\/\/schema.org","@graph":[{"@type":"WebPage","@id":"https:\/\/britelight.nl\/de\/hotelbeleuchtung\/","url":"https:\/\/britelight.nl\/de\/hotelbeleuchtung\/","name":"Hotelbeleuchtung | Britelight","isPartOf":{"@id":"https:\/\/britelight.nl\/de\/#website"},"datePublished":"2022-09-05T07:42:15+00:00","dateModified":"2023-09-01T13:37:49+00:00","description":"Ein Hotel ist ein stimmungsvoller Ort: Von der Lobby bis zum Hotelzimmer kann die Beleuchtung einen gro\u00dfen Unterschied im Erlebnis Ihrer G\u00e4ste ausmachen.","breadcrumb":{"@id":"https:\/\/britelight.nl\/de\/hotelbeleuchtung\/#breadcrumb"},"inLanguage":"de","potentialAction":[{"@type":"ReadAction","target":["https:\/\/britelight.nl\/de\/hotelbeleuchtung\/"]}]},{"@type":"BreadcrumbList","@id":"https:\/\/britelight.nl\/de\/hotelbeleuchtung\/#breadcrumb","itemListElement":[{"@type":"ListItem","position":1,"name":"Home","item":"https:\/\/britelight.nl\/de\/"},{"@type":"ListItem","position":2,"name":"Hotelbeleuchtung"}]},{"@type":"WebSite","@id":"https:\/\/britelight.nl\/de\/#website","url":"https:\/\/britelight.nl\/de\/","name":"Britelight","description":"Specialist in lichtoplossingen","publisher":{"@id":"https:\/\/britelight.nl\/de\/#organization"},"potentialAction":[{"@type":"SearchAction","target":{"@type":"EntryPoint","urlTemplate":"https:\/\/britelight.nl\/de\/?s={search_term_string}"},"query-input":{"@type":"PropertyValueSpecification","valueRequired":true,"valueName":"search_term_string"}}],"inLanguage":"de"},{"@type":"Organization","@id":"https:\/\/britelight.nl\/de\/#organization","name":"Britelight","url":"https:\/\/britelight.nl\/de\/","logo":{"@type":"ImageObject","inLanguage":"de","@id":"https:\/\/britelight.nl\/de\/#\/schema\/logo\/image\/","url":"https:\/\/britelight.nl\/wp-content\/uploads\/2022\/05\/draden2-1.svg","contentUrl":"https:\/\/britelight.nl\/wp-content\/uploads\/2022\/05\/draden2-1.svg","width":836,"height":494,"caption":"Britelight"},"image":{"@id":"https:\/\/britelight.nl\/de\/#\/schema\/logo\/image\/"},"sameAs":["https:\/\/switchtron.nl\/","https:\/\/ocab.nl\/"]}]}},"_links":{"self":[{"href":"https:\/\/britelight.nl\/de\/wp-json\/wp\/v2\/pages\/2427","targetHints":{"allow":["GET"]}}],"collection":[{"href":"https:\/\/britelight.nl\/de\/wp-json\/wp\/v2\/pages"}],"about":[{"href":"https:\/\/britelight.nl\/de\/wp-json\/wp\/v2\/types\/page"}],"author":[{"embeddable":true,"href":"https:\/\/britelight.nl\/de\/wp-json\/wp\/v2\/users\/2"}],"replies":[{"embeddable":true,"href":"https:\/\/britelight.nl\/de\/wp-json\/wp\/v2\/comments?post=2427"}],"version-history":[{"count":0,"href":"https:\/\/britelight.nl\/de\/wp-json\/wp\/v2\/pages\/2427\/revisions"}],"wp:attachment":[{"href":"https:\/\/britelight.nl\/de\/wp-json\/wp\/v2\/media?parent=2427"}],"curies":[{"name":"wp","href":"https:\/\/api.w.org\/{rel}","templated":true}]}}