{"id":2765,"date":"2023-10-05T15:59:00","date_gmt":"2023-10-05T13:59:00","guid":{"rendered":"https:\/\/britelightnew.flywheelsites.com\/?page_id=2765"},"modified":"2023-10-12T15:51:36","modified_gmt":"2023-10-12T13:51:36","slug":"led-einbauleuchten-4","status":"publish","type":"page","link":"https:\/\/britelight.nl\/de\/led-einbauleuchten-4\/","title":{"rendered":"LED-Leuchtstoffr\u00f6hren"},"content":{"rendered":"\n<p class=\"has-text-align-center\">Eine fluoreszierende Leuchte wird auch als Leuchtstofflampe bezeichnet und steht f\u00fcr Tube Light, also eine Lampe, die ihre Farbe durch UV-Strahlung erh\u00e4lt. Die Lichtausbeute von LED-Leuchtstoffr\u00f6hren ist au\u00dfergew\u00f6hnlich hoch und die Beleuchtung ist hell. Dadurch eignet sich eine LED-Leuchtstofflampe hervorragend f\u00fcr gro\u00dfe R\u00e4ume, zum Beispiel in Gesch\u00e4ftsgeb\u00e4uden. Aber die flexibel einsetzbaren LED-Leuchtstoffleuchten sind f\u00fcr viel mehr Anwendungen geeignet!<\/p>\n<div class=\"information\"><a class=\"btn\" href=\"https:\/\/britelight.nl\/contact\/\">Stellen Sie uns eine Frage<\/a><a class=\"btn btn-outline icon-phone\" href=\"tel:+31321328050\">+31 321 328 050<\/a><\/div>\n","protected":false},"excerpt":{"rendered":"<p>Eine fluoreszierende Leuchte wird auch als Leuchtstofflampe bezeichnet und steht f\u00fcr Tube Light, also eine Lampe, die ihre Farbe durch UV-Strahlung erh\u00e4lt. Die Lichtausbeute von LED-Leuchtstoffr\u00f6hren ist au\u00dfergew\u00f6hnlich hoch und die Beleuchtung ist hell. Dadurch eignet sich eine LED-Leuchtstofflampe hervorragend f\u00fcr gro\u00dfe R\u00e4ume, zum Beispiel in Gesch\u00e4ftsgeb\u00e4uden. Aber die flexibel einsetzbaren LED-Leuchtstoffleuchten sind f\u00fcr viel [&hellip;]<\/p>\n","protected":false},"author":5,"featured_media":0,"parent":0,"menu_order":0,"comment_status":"closed","ping_status":"closed","template":"template-lp.php","meta":{"_acf_changed":false,"inline_featured_image":false,"footnotes":""},"class_list":["post-2765","page","type-page","status-publish","hentry"],"acf":[],"yoast_head":"<!-- This site is optimized with the Yoast SEO plugin v27.2 - https:\/\/yoast.com\/product\/yoast-seo-wordpress\/ -->\n<title>LED-Leuchtstoffr\u00f6hren | Britelight<\/title>\n<meta name=\"description\" content=\"Eine LED-Einbauleuchte ist eine Beleuchtungsquelle f\u00fcr die Allgemeinbeleuchtung. Denken Sie zum Beispiel an LED-Downlights oder LED-Panels.\" \/>\n<meta name=\"robots\" content=\"index, follow, max-snippet:-1, max-image-preview:large, max-video-preview:-1\" \/>\n<link rel=\"canonical\" href=\"https:\/\/britelight.nl\/de\/led-einbauleuchten-4\/\" \/>\n<meta property=\"og:locale\" content=\"de_DE\" \/>\n<meta property=\"og:type\" content=\"article\" \/>\n<meta property=\"og:title\" content=\"LED-Leuchtstoffr\u00f6hren | Britelight\" \/>\n<meta property=\"og:description\" content=\"Eine LED-Einbauleuchte ist eine Beleuchtungsquelle f\u00fcr die Allgemeinbeleuchtung. Denken Sie zum Beispiel an LED-Downlights oder LED-Panels.\" \/>\n<meta property=\"og:url\" content=\"https:\/\/britelight.nl\/de\/led-einbauleuchten-4\/\" \/>\n<meta property=\"og:site_name\" content=\"Britelight\" \/>\n<meta property=\"article:modified_time\" content=\"2023-10-12T13:51:36+00:00\" \/>\n<meta name=\"twitter:card\" content=\"summary_large_image\" \/>\n<script type=\"application\/ld+json\" class=\"yoast-schema-graph\">{\"@context\":\"https:\/\/schema.org\",\"@graph\":[{\"@type\":\"WebPage\",\"@id\":\"https:\/\/britelight.nl\/de\/led-einbauleuchten-4\/\",\"url\":\"https:\/\/britelight.nl\/de\/led-einbauleuchten-4\/\",\"name\":\"LED-Leuchtstoffr\u00f6hren | Britelight\",\"isPartOf\":{\"@id\":\"https:\/\/britelight.nl\/de\/#website\"},\"datePublished\":\"2023-10-05T13:59:00+00:00\",\"dateModified\":\"2023-10-12T13:51:36+00:00\",\"description\":\"Eine LED-Einbauleuchte ist eine Beleuchtungsquelle f\u00fcr die Allgemeinbeleuchtung. Denken Sie zum Beispiel an LED-Downlights oder LED-Panels.\",\"breadcrumb\":{\"@id\":\"https:\/\/britelight.nl\/de\/led-einbauleuchten-4\/#breadcrumb\"},\"inLanguage\":\"de\",\"potentialAction\":[{\"@type\":\"ReadAction\",\"target\":[\"https:\/\/britelight.nl\/de\/led-einbauleuchten-4\/\"]}]},{\"@type\":\"BreadcrumbList\",\"@id\":\"https:\/\/britelight.nl\/de\/led-einbauleuchten-4\/#breadcrumb\",\"itemListElement\":[{\"@type\":\"ListItem\",\"position\":1,\"name\":\"Home\",\"item\":\"https:\/\/britelight.nl\/de\/\"},{\"@type\":\"ListItem\",\"position\":2,\"name\":\"LED-Leuchtstoffr\u00f6hren\"}]},{\"@type\":\"WebSite\",\"@id\":\"https:\/\/britelight.nl\/de\/#website\",\"url\":\"https:\/\/britelight.nl\/de\/\",\"name\":\"Britelight\",\"description\":\"Specialist in lichtoplossingen\",\"publisher\":{\"@id\":\"https:\/\/britelight.nl\/de\/#organization\"},\"potentialAction\":[{\"@type\":\"SearchAction\",\"target\":{\"@type\":\"EntryPoint\",\"urlTemplate\":\"https:\/\/britelight.nl\/de\/?s={search_term_string}\"},\"query-input\":{\"@type\":\"PropertyValueSpecification\",\"valueRequired\":true,\"valueName\":\"search_term_string\"}}],\"inLanguage\":\"de\"},{\"@type\":\"Organization\",\"@id\":\"https:\/\/britelight.nl\/de\/#organization\",\"name\":\"Britelight\",\"url\":\"https:\/\/britelight.nl\/de\/\",\"logo\":{\"@type\":\"ImageObject\",\"inLanguage\":\"de\",\"@id\":\"https:\/\/britelight.nl\/de\/#\/schema\/logo\/image\/\",\"url\":\"https:\/\/britelight.nl\/wp-content\/uploads\/2022\/05\/draden2-1.svg\",\"contentUrl\":\"https:\/\/britelight.nl\/wp-content\/uploads\/2022\/05\/draden2-1.svg\",\"width\":836,\"height\":494,\"caption\":\"Britelight\"},\"image\":{\"@id\":\"https:\/\/britelight.nl\/de\/#\/schema\/logo\/image\/\"},\"sameAs\":[\"https:\/\/switchtron.nl\/\",\"https:\/\/ocab.nl\/\"]}]}<\/script>\n<!-- \/ Yoast SEO plugin. -->","yoast_head_json":{"title":"LED-Leuchtstoffr\u00f6hren | Britelight","description":"Eine LED-Einbauleuchte ist eine Beleuchtungsquelle f\u00fcr die Allgemeinbeleuchtung. Denken Sie zum Beispiel an LED-Downlights oder LED-Panels.","robots":{"index":"index","follow":"follow","max-snippet":"max-snippet:-1","max-image-preview":"max-image-preview:large","max-video-preview":"max-video-preview:-1"},"canonical":"https:\/\/britelight.nl\/de\/led-einbauleuchten-4\/","og_locale":"de_DE","og_type":"article","og_title":"LED-Leuchtstoffr\u00f6hren | Britelight","og_description":"Eine LED-Einbauleuchte ist eine Beleuchtungsquelle f\u00fcr die Allgemeinbeleuchtung. Denken Sie zum Beispiel an LED-Downlights oder LED-Panels.","og_url":"https:\/\/britelight.nl\/de\/led-einbauleuchten-4\/","og_site_name":"Britelight","article_modified_time":"2023-10-12T13:51:36+00:00","twitter_card":"summary_large_image","schema":{"@context":"https:\/\/schema.org","@graph":[{"@type":"WebPage","@id":"https:\/\/britelight.nl\/de\/led-einbauleuchten-4\/","url":"https:\/\/britelight.nl\/de\/led-einbauleuchten-4\/","name":"LED-Leuchtstoffr\u00f6hren | Britelight","isPartOf":{"@id":"https:\/\/britelight.nl\/de\/#website"},"datePublished":"2023-10-05T13:59:00+00:00","dateModified":"2023-10-12T13:51:36+00:00","description":"Eine LED-Einbauleuchte ist eine Beleuchtungsquelle f\u00fcr die Allgemeinbeleuchtung. Denken Sie zum Beispiel an LED-Downlights oder LED-Panels.","breadcrumb":{"@id":"https:\/\/britelight.nl\/de\/led-einbauleuchten-4\/#breadcrumb"},"inLanguage":"de","potentialAction":[{"@type":"ReadAction","target":["https:\/\/britelight.nl\/de\/led-einbauleuchten-4\/"]}]},{"@type":"BreadcrumbList","@id":"https:\/\/britelight.nl\/de\/led-einbauleuchten-4\/#breadcrumb","itemListElement":[{"@type":"ListItem","position":1,"name":"Home","item":"https:\/\/britelight.nl\/de\/"},{"@type":"ListItem","position":2,"name":"LED-Leuchtstoffr\u00f6hren"}]},{"@type":"WebSite","@id":"https:\/\/britelight.nl\/de\/#website","url":"https:\/\/britelight.nl\/de\/","name":"Britelight","description":"Specialist in lichtoplossingen","publisher":{"@id":"https:\/\/britelight.nl\/de\/#organization"},"potentialAction":[{"@type":"SearchAction","target":{"@type":"EntryPoint","urlTemplate":"https:\/\/britelight.nl\/de\/?s={search_term_string}"},"query-input":{"@type":"PropertyValueSpecification","valueRequired":true,"valueName":"search_term_string"}}],"inLanguage":"de"},{"@type":"Organization","@id":"https:\/\/britelight.nl\/de\/#organization","name":"Britelight","url":"https:\/\/britelight.nl\/de\/","logo":{"@type":"ImageObject","inLanguage":"de","@id":"https:\/\/britelight.nl\/de\/#\/schema\/logo\/image\/","url":"https:\/\/britelight.nl\/wp-content\/uploads\/2022\/05\/draden2-1.svg","contentUrl":"https:\/\/britelight.nl\/wp-content\/uploads\/2022\/05\/draden2-1.svg","width":836,"height":494,"caption":"Britelight"},"image":{"@id":"https:\/\/britelight.nl\/de\/#\/schema\/logo\/image\/"},"sameAs":["https:\/\/switchtron.nl\/","https:\/\/ocab.nl\/"]}]}},"_links":{"self":[{"href":"https:\/\/britelight.nl\/de\/wp-json\/wp\/v2\/pages\/2765","targetHints":{"allow":["GET"]}}],"collection":[{"href":"https:\/\/britelight.nl\/de\/wp-json\/wp\/v2\/pages"}],"about":[{"href":"https:\/\/britelight.nl\/de\/wp-json\/wp\/v2\/types\/page"}],"author":[{"embeddable":true,"href":"https:\/\/britelight.nl\/de\/wp-json\/wp\/v2\/users\/5"}],"replies":[{"embeddable":true,"href":"https:\/\/britelight.nl\/de\/wp-json\/wp\/v2\/comments?post=2765"}],"version-history":[{"count":0,"href":"https:\/\/britelight.nl\/de\/wp-json\/wp\/v2\/pages\/2765\/revisions"}],"wp:attachment":[{"href":"https:\/\/britelight.nl\/de\/wp-json\/wp\/v2\/media?parent=2765"}],"curies":[{"name":"wp","href":"https:\/\/api.w.org\/{rel}","templated":true}]}}