{"id":2841,"date":"2023-10-06T12:22:45","date_gmt":"2023-10-06T10:22:45","guid":{"rendered":"http:\/\/britelightnew.flywheelsites.com\/?page_id=2841"},"modified":"2023-10-13T08:34:44","modified_gmt":"2023-10-13T06:34:44","slug":"led-einbauleuchten-13","status":"publish","type":"page","link":"https:\/\/britelight.nl\/de\/led-einbauleuchten-13\/","title":{"rendered":"Wasserdichte Leuchten"},"content":{"rendered":"\n<p class=\"has-text-align-center\">Wasserdichte Leuchten sind sto\u00dffest sowie wasser- und staubbest\u00e4ndig und eignen sich daher ideal f\u00fcr Innen- und Au\u00dfenanwendungen.<\/p>\n<div class=\"information\"><a class=\"btn\" href=\"https:\/\/britelight.nl\/contact\/\">Stellen Sie uns eine Frage<\/a><a class=\"btn btn-outline icon-phone\" href=\"tel:+31321328050\">+31 321 328 050<\/a><\/div>\n","protected":false},"excerpt":{"rendered":"<p>Wasserdichte Leuchten sind sto\u00dffest sowie wasser- und staubbest\u00e4ndig und eignen sich daher ideal f\u00fcr Innen- und Au\u00dfenanwendungen.<\/p>\n","protected":false},"author":5,"featured_media":0,"parent":0,"menu_order":0,"comment_status":"closed","ping_status":"closed","template":"template-lp.php","meta":{"_acf_changed":false,"inline_featured_image":false,"footnotes":""},"class_list":["post-2841","page","type-page","status-publish","hentry"],"acf":[],"yoast_head":"<!-- This site is optimized with the Yoast SEO plugin v27.2 - https:\/\/yoast.com\/product\/yoast-seo-wordpress\/ -->\n<title>Wasserdichte Leuchten | Britelight<\/title>\n<meta name=\"description\" content=\"Eine LED-Einbauleuchte ist eine Beleuchtungsquelle f\u00fcr die Allgemeinbeleuchtung. Denken Sie zum Beispiel an LED-Downlights oder LED-Panels.\" \/>\n<meta name=\"robots\" content=\"index, follow, max-snippet:-1, max-image-preview:large, max-video-preview:-1\" \/>\n<link rel=\"canonical\" href=\"https:\/\/britelight.nl\/de\/led-einbauleuchten-13\/\" \/>\n<meta property=\"og:locale\" content=\"de_DE\" \/>\n<meta property=\"og:type\" content=\"article\" \/>\n<meta property=\"og:title\" content=\"Wasserdichte Leuchten | Britelight\" \/>\n<meta property=\"og:description\" content=\"Eine LED-Einbauleuchte ist eine Beleuchtungsquelle f\u00fcr die Allgemeinbeleuchtung. Denken Sie zum Beispiel an LED-Downlights oder LED-Panels.\" \/>\n<meta property=\"og:url\" content=\"https:\/\/britelight.nl\/de\/led-einbauleuchten-13\/\" \/>\n<meta property=\"og:site_name\" content=\"Britelight\" \/>\n<meta property=\"article:modified_time\" content=\"2023-10-13T06:34:44+00:00\" \/>\n<meta name=\"twitter:card\" content=\"summary_large_image\" \/>\n<script type=\"application\/ld+json\" class=\"yoast-schema-graph\">{\"@context\":\"https:\/\/schema.org\",\"@graph\":[{\"@type\":\"WebPage\",\"@id\":\"https:\/\/britelight.nl\/de\/led-einbauleuchten-13\/\",\"url\":\"https:\/\/britelight.nl\/de\/led-einbauleuchten-13\/\",\"name\":\"Wasserdichte Leuchten | Britelight\",\"isPartOf\":{\"@id\":\"https:\/\/britelight.nl\/de\/#website\"},\"datePublished\":\"2023-10-06T10:22:45+00:00\",\"dateModified\":\"2023-10-13T06:34:44+00:00\",\"description\":\"Eine LED-Einbauleuchte ist eine Beleuchtungsquelle f\u00fcr die Allgemeinbeleuchtung. Denken Sie zum Beispiel an LED-Downlights oder LED-Panels.\",\"breadcrumb\":{\"@id\":\"https:\/\/britelight.nl\/de\/led-einbauleuchten-13\/#breadcrumb\"},\"inLanguage\":\"de\",\"potentialAction\":[{\"@type\":\"ReadAction\",\"target\":[\"https:\/\/britelight.nl\/de\/led-einbauleuchten-13\/\"]}]},{\"@type\":\"BreadcrumbList\",\"@id\":\"https:\/\/britelight.nl\/de\/led-einbauleuchten-13\/#breadcrumb\",\"itemListElement\":[{\"@type\":\"ListItem\",\"position\":1,\"name\":\"Home\",\"item\":\"https:\/\/britelight.nl\/de\/\"},{\"@type\":\"ListItem\",\"position\":2,\"name\":\"Wasserdichte Leuchten\"}]},{\"@type\":\"WebSite\",\"@id\":\"https:\/\/britelight.nl\/de\/#website\",\"url\":\"https:\/\/britelight.nl\/de\/\",\"name\":\"Britelight\",\"description\":\"Specialist in lichtoplossingen\",\"publisher\":{\"@id\":\"https:\/\/britelight.nl\/de\/#organization\"},\"potentialAction\":[{\"@type\":\"SearchAction\",\"target\":{\"@type\":\"EntryPoint\",\"urlTemplate\":\"https:\/\/britelight.nl\/de\/?s={search_term_string}\"},\"query-input\":{\"@type\":\"PropertyValueSpecification\",\"valueRequired\":true,\"valueName\":\"search_term_string\"}}],\"inLanguage\":\"de\"},{\"@type\":\"Organization\",\"@id\":\"https:\/\/britelight.nl\/de\/#organization\",\"name\":\"Britelight\",\"url\":\"https:\/\/britelight.nl\/de\/\",\"logo\":{\"@type\":\"ImageObject\",\"inLanguage\":\"de\",\"@id\":\"https:\/\/britelight.nl\/de\/#\/schema\/logo\/image\/\",\"url\":\"https:\/\/britelight.nl\/wp-content\/uploads\/2022\/05\/draden2-1.svg\",\"contentUrl\":\"https:\/\/britelight.nl\/wp-content\/uploads\/2022\/05\/draden2-1.svg\",\"width\":836,\"height\":494,\"caption\":\"Britelight\"},\"image\":{\"@id\":\"https:\/\/britelight.nl\/de\/#\/schema\/logo\/image\/\"},\"sameAs\":[\"https:\/\/switchtron.nl\/\",\"https:\/\/ocab.nl\/\"]}]}<\/script>\n<!-- \/ Yoast SEO plugin. -->","yoast_head_json":{"title":"Wasserdichte Leuchten | Britelight","description":"Eine LED-Einbauleuchte ist eine Beleuchtungsquelle f\u00fcr die Allgemeinbeleuchtung. Denken Sie zum Beispiel an LED-Downlights oder LED-Panels.","robots":{"index":"index","follow":"follow","max-snippet":"max-snippet:-1","max-image-preview":"max-image-preview:large","max-video-preview":"max-video-preview:-1"},"canonical":"https:\/\/britelight.nl\/de\/led-einbauleuchten-13\/","og_locale":"de_DE","og_type":"article","og_title":"Wasserdichte Leuchten | Britelight","og_description":"Eine LED-Einbauleuchte ist eine Beleuchtungsquelle f\u00fcr die Allgemeinbeleuchtung. Denken Sie zum Beispiel an LED-Downlights oder LED-Panels.","og_url":"https:\/\/britelight.nl\/de\/led-einbauleuchten-13\/","og_site_name":"Britelight","article_modified_time":"2023-10-13T06:34:44+00:00","twitter_card":"summary_large_image","schema":{"@context":"https:\/\/schema.org","@graph":[{"@type":"WebPage","@id":"https:\/\/britelight.nl\/de\/led-einbauleuchten-13\/","url":"https:\/\/britelight.nl\/de\/led-einbauleuchten-13\/","name":"Wasserdichte Leuchten | Britelight","isPartOf":{"@id":"https:\/\/britelight.nl\/de\/#website"},"datePublished":"2023-10-06T10:22:45+00:00","dateModified":"2023-10-13T06:34:44+00:00","description":"Eine LED-Einbauleuchte ist eine Beleuchtungsquelle f\u00fcr die Allgemeinbeleuchtung. Denken Sie zum Beispiel an LED-Downlights oder LED-Panels.","breadcrumb":{"@id":"https:\/\/britelight.nl\/de\/led-einbauleuchten-13\/#breadcrumb"},"inLanguage":"de","potentialAction":[{"@type":"ReadAction","target":["https:\/\/britelight.nl\/de\/led-einbauleuchten-13\/"]}]},{"@type":"BreadcrumbList","@id":"https:\/\/britelight.nl\/de\/led-einbauleuchten-13\/#breadcrumb","itemListElement":[{"@type":"ListItem","position":1,"name":"Home","item":"https:\/\/britelight.nl\/de\/"},{"@type":"ListItem","position":2,"name":"Wasserdichte Leuchten"}]},{"@type":"WebSite","@id":"https:\/\/britelight.nl\/de\/#website","url":"https:\/\/britelight.nl\/de\/","name":"Britelight","description":"Specialist in lichtoplossingen","publisher":{"@id":"https:\/\/britelight.nl\/de\/#organization"},"potentialAction":[{"@type":"SearchAction","target":{"@type":"EntryPoint","urlTemplate":"https:\/\/britelight.nl\/de\/?s={search_term_string}"},"query-input":{"@type":"PropertyValueSpecification","valueRequired":true,"valueName":"search_term_string"}}],"inLanguage":"de"},{"@type":"Organization","@id":"https:\/\/britelight.nl\/de\/#organization","name":"Britelight","url":"https:\/\/britelight.nl\/de\/","logo":{"@type":"ImageObject","inLanguage":"de","@id":"https:\/\/britelight.nl\/de\/#\/schema\/logo\/image\/","url":"https:\/\/britelight.nl\/wp-content\/uploads\/2022\/05\/draden2-1.svg","contentUrl":"https:\/\/britelight.nl\/wp-content\/uploads\/2022\/05\/draden2-1.svg","width":836,"height":494,"caption":"Britelight"},"image":{"@id":"https:\/\/britelight.nl\/de\/#\/schema\/logo\/image\/"},"sameAs":["https:\/\/switchtron.nl\/","https:\/\/ocab.nl\/"]}]}},"_links":{"self":[{"href":"https:\/\/britelight.nl\/de\/wp-json\/wp\/v2\/pages\/2841","targetHints":{"allow":["GET"]}}],"collection":[{"href":"https:\/\/britelight.nl\/de\/wp-json\/wp\/v2\/pages"}],"about":[{"href":"https:\/\/britelight.nl\/de\/wp-json\/wp\/v2\/types\/page"}],"author":[{"embeddable":true,"href":"https:\/\/britelight.nl\/de\/wp-json\/wp\/v2\/users\/5"}],"replies":[{"embeddable":true,"href":"https:\/\/britelight.nl\/de\/wp-json\/wp\/v2\/comments?post=2841"}],"version-history":[{"count":0,"href":"https:\/\/britelight.nl\/de\/wp-json\/wp\/v2\/pages\/2841\/revisions"}],"wp:attachment":[{"href":"https:\/\/britelight.nl\/de\/wp-json\/wp\/v2\/media?parent=2841"}],"curies":[{"name":"wp","href":"https:\/\/api.w.org\/{rel}","templated":true}]}}