{"id":3289,"date":"2024-05-29T16:49:28","date_gmt":"2024-05-29T14:49:28","guid":{"rendered":"https:\/\/britelight.nl\/product\/britelight-multiwall\/"},"modified":"2024-06-21T08:57:57","modified_gmt":"2024-06-21T06:57:57","slug":"britelight-multiwall","status":"publish","type":"product","link":"https:\/\/britelight.nl\/de\/produkt\/britelight-multiwall\/","title":{"rendered":"Britelight Multiwall"},"content":{"rendered":"","protected":false},"excerpt":{"rendered":"<p>Das Britelight Multiwall kann an Decken und W\u00e4nden verwendet werden. Erh\u00e4ltlich in drei Gr\u00f6\u00dfen. Mit einem einfachen Schalter k\u00f6nnen Sie zwischen Lichtfarbe und\/oder Helligkeit wechseln.<\/p>\n","protected":false},"featured_media":3161,"template":"","meta":{"_acf_changed":false,"inline_featured_image":false},"product_brand":[],"product_cat":[124,142],"product_tag":[],"class_list":{"0":"post-3289","1":"product","2":"type-product","3":"status-publish","4":"has-post-thumbnail","6":"product_cat-ausgewahlt","7":"product_cat-wandanbau-leuchten","9":"first","10":"instock","11":"shipping-taxable","12":"product-type-variable"},"acf":[],"yoast_head":"<!-- This site is optimized with the Yoast SEO plugin v27.2 - https:\/\/yoast.com\/product\/yoast-seo-wordpress\/ -->\n<title>Britelight Multiwall | Britelight<\/title>\n<meta name=\"description\" content=\"Das Britelight Multiwall kann an Decken und W\u00e4nden verwendet werden. Lesen Sie mehr \u00fcber diese Lampe und ihre Eigenschaften auf unserer Website.\" \/>\n<meta name=\"robots\" content=\"index, follow, max-snippet:-1, max-image-preview:large, max-video-preview:-1\" \/>\n<link rel=\"canonical\" href=\"https:\/\/britelight.nl\/de\/produkt\/britelight-multiwall\/\" \/>\n<meta property=\"og:locale\" content=\"de_DE\" \/>\n<meta property=\"og:type\" content=\"article\" \/>\n<meta property=\"og:title\" content=\"Britelight Multiwall | Britelight\" \/>\n<meta property=\"og:description\" content=\"Das Britelight Multiwall kann an Decken und W\u00e4nden verwendet werden. Lesen Sie mehr \u00fcber diese Lampe und ihre Eigenschaften auf unserer Website.\" \/>\n<meta property=\"og:url\" content=\"https:\/\/britelight.nl\/de\/produkt\/britelight-multiwall\/\" \/>\n<meta property=\"og:site_name\" content=\"Britelight\" \/>\n<meta property=\"article:modified_time\" content=\"2024-06-21T06:57:57+00:00\" \/>\n<meta property=\"og:image\" content=\"https:\/\/britelight.nl\/wp-content\/uploads\/2024\/05\/britelight-multiwall-1.jpg\" \/>\n\t<meta property=\"og:image:width\" content=\"900\" \/>\n\t<meta property=\"og:image:height\" content=\"900\" \/>\n\t<meta property=\"og:image:type\" content=\"image\/jpeg\" \/>\n<meta name=\"twitter:card\" content=\"summary_large_image\" \/>\n<meta name=\"twitter:label1\" content=\"Gesch\u00e4tzte Lesezeit\" \/>\n\t<meta name=\"twitter:data1\" content=\"1\u00a0Minute\" \/>\n<script type=\"application\/ld+json\" class=\"yoast-schema-graph\">{\"@context\":\"https:\/\/schema.org\",\"@graph\":[{\"@type\":\"WebPage\",\"@id\":\"https:\/\/britelight.nl\/de\/produkt\/britelight-multiwall\/\",\"url\":\"https:\/\/britelight.nl\/de\/produkt\/britelight-multiwall\/\",\"name\":\"Britelight Multiwall | Britelight\",\"isPartOf\":{\"@id\":\"https:\/\/britelight.nl\/de\/#website\"},\"primaryImageOfPage\":{\"@id\":\"https:\/\/britelight.nl\/de\/produkt\/britelight-multiwall\/#primaryimage\"},\"image\":{\"@id\":\"https:\/\/britelight.nl\/de\/produkt\/britelight-multiwall\/#primaryimage\"},\"thumbnailUrl\":\"https:\/\/britelight.nl\/wp-content\/uploads\/2024\/05\/britelight-multiwall-1.jpg\",\"datePublished\":\"2024-05-29T14:49:28+00:00\",\"dateModified\":\"2024-06-21T06:57:57+00:00\",\"description\":\"Das Britelight Multiwall kann an Decken und W\u00e4nden verwendet werden. Lesen Sie mehr \u00fcber diese Lampe und ihre Eigenschaften auf unserer Website.\",\"breadcrumb\":{\"@id\":\"https:\/\/britelight.nl\/de\/produkt\/britelight-multiwall\/#breadcrumb\"},\"inLanguage\":\"de\",\"potentialAction\":[{\"@type\":\"ReadAction\",\"target\":[\"https:\/\/britelight.nl\/de\/produkt\/britelight-multiwall\/\"]}]},{\"@type\":\"ImageObject\",\"inLanguage\":\"de\",\"@id\":\"https:\/\/britelight.nl\/de\/produkt\/britelight-multiwall\/#primaryimage\",\"url\":\"https:\/\/britelight.nl\/wp-content\/uploads\/2024\/05\/britelight-multiwall-1.jpg\",\"contentUrl\":\"https:\/\/britelight.nl\/wp-content\/uploads\/2024\/05\/britelight-multiwall-1.jpg\",\"width\":900,\"height\":900},{\"@type\":\"BreadcrumbList\",\"@id\":\"https:\/\/britelight.nl\/de\/produkt\/britelight-multiwall\/#breadcrumb\",\"itemListElement\":[{\"@type\":\"ListItem\",\"position\":1,\"name\":\"Home\",\"item\":\"https:\/\/britelight.nl\/de\/\"},{\"@type\":\"ListItem\",\"position\":2,\"name\":\"Produkte\",\"item\":\"https:\/\/britelight.nl\/producten\/\"},{\"@type\":\"ListItem\",\"position\":3,\"name\":\"Britelight Multiwall\"}]},{\"@type\":\"WebSite\",\"@id\":\"https:\/\/britelight.nl\/de\/#website\",\"url\":\"https:\/\/britelight.nl\/de\/\",\"name\":\"Britelight\",\"description\":\"Specialist in lichtoplossingen\",\"publisher\":{\"@id\":\"https:\/\/britelight.nl\/de\/#organization\"},\"potentialAction\":[{\"@type\":\"SearchAction\",\"target\":{\"@type\":\"EntryPoint\",\"urlTemplate\":\"https:\/\/britelight.nl\/de\/?s={search_term_string}\"},\"query-input\":{\"@type\":\"PropertyValueSpecification\",\"valueRequired\":true,\"valueName\":\"search_term_string\"}}],\"inLanguage\":\"de\"},{\"@type\":\"Organization\",\"@id\":\"https:\/\/britelight.nl\/de\/#organization\",\"name\":\"Britelight\",\"url\":\"https:\/\/britelight.nl\/de\/\",\"logo\":{\"@type\":\"ImageObject\",\"inLanguage\":\"de\",\"@id\":\"https:\/\/britelight.nl\/de\/#\/schema\/logo\/image\/\",\"url\":\"https:\/\/britelight.nl\/wp-content\/uploads\/2022\/05\/draden2-1.svg\",\"contentUrl\":\"https:\/\/britelight.nl\/wp-content\/uploads\/2022\/05\/draden2-1.svg\",\"width\":836,\"height\":494,\"caption\":\"Britelight\"},\"image\":{\"@id\":\"https:\/\/britelight.nl\/de\/#\/schema\/logo\/image\/\"},\"sameAs\":[\"https:\/\/switchtron.nl\/\",\"https:\/\/ocab.nl\/\"]}]}<\/script>\n<!-- \/ Yoast SEO plugin. -->","yoast_head_json":{"title":"Britelight Multiwall | Britelight","description":"Das Britelight Multiwall kann an Decken und W\u00e4nden verwendet werden. Lesen Sie mehr \u00fcber diese Lampe und ihre Eigenschaften auf unserer Website.","robots":{"index":"index","follow":"follow","max-snippet":"max-snippet:-1","max-image-preview":"max-image-preview:large","max-video-preview":"max-video-preview:-1"},"canonical":"https:\/\/britelight.nl\/de\/produkt\/britelight-multiwall\/","og_locale":"de_DE","og_type":"article","og_title":"Britelight Multiwall | Britelight","og_description":"Das Britelight Multiwall kann an Decken und W\u00e4nden verwendet werden. Lesen Sie mehr \u00fcber diese Lampe und ihre Eigenschaften auf unserer Website.","og_url":"https:\/\/britelight.nl\/de\/produkt\/britelight-multiwall\/","og_site_name":"Britelight","article_modified_time":"2024-06-21T06:57:57+00:00","og_image":[{"width":900,"height":900,"url":"https:\/\/britelight.nl\/wp-content\/uploads\/2024\/05\/britelight-multiwall-1.jpg","type":"image\/jpeg"}],"twitter_card":"summary_large_image","twitter_misc":{"Gesch\u00e4tzte Lesezeit":"1\u00a0Minute"},"schema":{"@context":"https:\/\/schema.org","@graph":[{"@type":"WebPage","@id":"https:\/\/britelight.nl\/de\/produkt\/britelight-multiwall\/","url":"https:\/\/britelight.nl\/de\/produkt\/britelight-multiwall\/","name":"Britelight Multiwall | Britelight","isPartOf":{"@id":"https:\/\/britelight.nl\/de\/#website"},"primaryImageOfPage":{"@id":"https:\/\/britelight.nl\/de\/produkt\/britelight-multiwall\/#primaryimage"},"image":{"@id":"https:\/\/britelight.nl\/de\/produkt\/britelight-multiwall\/#primaryimage"},"thumbnailUrl":"https:\/\/britelight.nl\/wp-content\/uploads\/2024\/05\/britelight-multiwall-1.jpg","datePublished":"2024-05-29T14:49:28+00:00","dateModified":"2024-06-21T06:57:57+00:00","description":"Das Britelight Multiwall kann an Decken und W\u00e4nden verwendet werden. Lesen Sie mehr \u00fcber diese Lampe und ihre Eigenschaften auf unserer Website.","breadcrumb":{"@id":"https:\/\/britelight.nl\/de\/produkt\/britelight-multiwall\/#breadcrumb"},"inLanguage":"de","potentialAction":[{"@type":"ReadAction","target":["https:\/\/britelight.nl\/de\/produkt\/britelight-multiwall\/"]}]},{"@type":"ImageObject","inLanguage":"de","@id":"https:\/\/britelight.nl\/de\/produkt\/britelight-multiwall\/#primaryimage","url":"https:\/\/britelight.nl\/wp-content\/uploads\/2024\/05\/britelight-multiwall-1.jpg","contentUrl":"https:\/\/britelight.nl\/wp-content\/uploads\/2024\/05\/britelight-multiwall-1.jpg","width":900,"height":900},{"@type":"BreadcrumbList","@id":"https:\/\/britelight.nl\/de\/produkt\/britelight-multiwall\/#breadcrumb","itemListElement":[{"@type":"ListItem","position":1,"name":"Home","item":"https:\/\/britelight.nl\/de\/"},{"@type":"ListItem","position":2,"name":"Produkte","item":"https:\/\/britelight.nl\/producten\/"},{"@type":"ListItem","position":3,"name":"Britelight Multiwall"}]},{"@type":"WebSite","@id":"https:\/\/britelight.nl\/de\/#website","url":"https:\/\/britelight.nl\/de\/","name":"Britelight","description":"Specialist in lichtoplossingen","publisher":{"@id":"https:\/\/britelight.nl\/de\/#organization"},"potentialAction":[{"@type":"SearchAction","target":{"@type":"EntryPoint","urlTemplate":"https:\/\/britelight.nl\/de\/?s={search_term_string}"},"query-input":{"@type":"PropertyValueSpecification","valueRequired":true,"valueName":"search_term_string"}}],"inLanguage":"de"},{"@type":"Organization","@id":"https:\/\/britelight.nl\/de\/#organization","name":"Britelight","url":"https:\/\/britelight.nl\/de\/","logo":{"@type":"ImageObject","inLanguage":"de","@id":"https:\/\/britelight.nl\/de\/#\/schema\/logo\/image\/","url":"https:\/\/britelight.nl\/wp-content\/uploads\/2022\/05\/draden2-1.svg","contentUrl":"https:\/\/britelight.nl\/wp-content\/uploads\/2022\/05\/draden2-1.svg","width":836,"height":494,"caption":"Britelight"},"image":{"@id":"https:\/\/britelight.nl\/de\/#\/schema\/logo\/image\/"},"sameAs":["https:\/\/switchtron.nl\/","https:\/\/ocab.nl\/"]}]}},"_links":{"self":[{"href":"https:\/\/britelight.nl\/de\/wp-json\/wp\/v2\/product\/3289","targetHints":{"allow":["GET"]}}],"collection":[{"href":"https:\/\/britelight.nl\/de\/wp-json\/wp\/v2\/product"}],"about":[{"href":"https:\/\/britelight.nl\/de\/wp-json\/wp\/v2\/types\/product"}],"wp:featuredmedia":[{"embeddable":true,"href":"https:\/\/britelight.nl\/de\/wp-json\/wp\/v2\/media\/3161"}],"wp:attachment":[{"href":"https:\/\/britelight.nl\/de\/wp-json\/wp\/v2\/media?parent=3289"}],"wp:term":[{"taxonomy":"product_brand","embeddable":true,"href":"https:\/\/britelight.nl\/de\/wp-json\/wp\/v2\/product_brand?post=3289"},{"taxonomy":"product_cat","embeddable":true,"href":"https:\/\/britelight.nl\/de\/wp-json\/wp\/v2\/product_cat?post=3289"},{"taxonomy":"product_tag","embeddable":true,"href":"https:\/\/britelight.nl\/de\/wp-json\/wp\/v2\/product_tag?post=3289"}],"curies":[{"name":"wp","href":"https:\/\/api.w.org\/{rel}","templated":true}]}}